{"id":586,"date":"2023-05-15T09:44:18","date_gmt":"2023-05-15T09:44:18","guid":{"rendered":"https:\/\/decorhomebusiness.com\/?page_id=586"},"modified":"2023-07-15T11:42:19","modified_gmt":"2023-07-15T11:42:19","slug":"mantenimiento-de-propiedades-en-malaga","status":"publish","type":"page","link":"https:\/\/decorhomebusiness.com\/es\/mantenimiento-de-propiedades-en-malaga\/","title":{"rendered":"Mantenimiento de propiedades en M\u00e1laga"},"content":{"rendered":"<div data-elementor-type=\"wp-page\" data-elementor-id=\"586\" class=\"elementor elementor-586\" data-elementor-post-type=\"page\">\n\t\t\t\t\t\t<section class=\"elementor-section elementor-top-section elementor-element elementor-element-4742672 elementor-section-boxed elementor-section-height-default elementor-section-height-default\" data-id=\"4742672\" data-element_type=\"section\" data-e-type=\"section\">\n\t\t\t\t\t\t<div class=\"elementor-container elementor-column-gap-default\">\n\t\t\t\t\t<div class=\"elementor-column elementor-col-100 elementor-top-column elementor-element elementor-element-2b9c61c\" data-id=\"2b9c61c\" data-element_type=\"column\" data-e-type=\"column\">\n\t\t\t<div class=\"elementor-widget-wrap elementor-element-populated\">\n\t\t\t\t\t\t<div class=\"elementor-element elementor-element-eb01963 elementor-widget elementor-widget-heading\" data-id=\"eb01963\" data-element_type=\"widget\" data-e-type=\"widget\" data-widget_type=\"heading.default\">\n\t\t\t\t<div class=\"elementor-widget-container\">\n\t\t\t\t\t<h2 class=\"elementor-heading-title elementor-size-default\"><h1 class=\"elementor-heading-title elementor-size-default elementor-inline-editing pen\" data-elementor-setting-key=\"title\" data-pen-placeholder=\"Type Here...\" style=\"line-height: 1.1em;font-family: Manrope, sans-serif;font-size: 70px;font-style: normal;color: var( --e-global-color-primary )\">Decoraci\u00f3n Hogar Mantenimiento de Propiedades M\u00e1laga<br><\/h1><\/h2>\t\t\t\t<\/div>\n\t\t\t\t<\/div>\n\t\t\t\t\t<\/div>\n\t\t<\/div>\n\t\t\t\t\t<\/div>\n\t\t<\/section>\n\t\t\t\t<section class=\"elementor-section elementor-top-section elementor-element elementor-element-2695441 elementor-section-boxed elementor-section-height-default elementor-section-height-default\" data-id=\"2695441\" data-element_type=\"section\" data-e-type=\"section\">\n\t\t\t\t\t\t<div class=\"elementor-container elementor-column-gap-default\">\n\t\t\t\t\t<div class=\"elementor-column elementor-col-100 elementor-top-column elementor-element elementor-element-bd0c180\" data-id=\"bd0c180\" data-element_type=\"column\" data-e-type=\"column\">\n\t\t\t<div class=\"elementor-widget-wrap elementor-element-populated\">\n\t\t\t\t\t\t<div class=\"elementor-element elementor-element-66e4eb4 elementor-widget elementor-widget-text-editor\" data-id=\"66e4eb4\" data-element_type=\"widget\" data-e-type=\"widget\" data-widget_type=\"text-editor.default\">\n\t\t\t\t<div class=\"elementor-widget-container\">\n\t\t\t\t\t\t\t\t\t<p><b>Bienvenido a DecorHome, su socio de confianza para servicios de mantenimiento y decoraci\u00f3n de propiedades en M\u00e1laga. <br \/><\/b><br \/><b>Con nuestra amplia gama de servicios y nuestro compromiso con la excelencia, nos dedicamos a mantener su propiedad en perfectas condiciones, realzando su belleza y funcionalidad. Ya sea que necesite mantenimiento rutinario o una remodelaci\u00f3n completa, nuestro equipo de expertos est\u00e1 listo para ofrecer resultados excepcionales que superar\u00e1n sus expectativas.<\/b><\/p>\t\t\t\t\t\t\t\t<\/div>\n\t\t\t\t<\/div>\n\t\t\t\t\t<\/div>\n\t\t<\/div>\n\t\t\t\t\t<\/div>\n\t\t<\/section>\n\t\t\t\t<section class=\"elementor-section elementor-top-section elementor-element elementor-element-8134b90 elementor-section-boxed elementor-section-height-default elementor-section-height-default\" data-id=\"8134b90\" data-element_type=\"section\" data-e-type=\"section\">\n\t\t\t\t\t\t<div class=\"elementor-container elementor-column-gap-default\">\n\t\t\t\t\t<div class=\"elementor-column elementor-col-100 elementor-top-column elementor-element elementor-element-51e20b4\" data-id=\"51e20b4\" data-element_type=\"column\" data-e-type=\"column\">\n\t\t\t<div class=\"elementor-widget-wrap elementor-element-populated\">\n\t\t\t\t\t\t<div class=\"elementor-element elementor-element-be3dbe8 elementor-widget elementor-widget-gallery\" data-id=\"be3dbe8\" data-element_type=\"widget\" data-e-type=\"widget\" data-settings=\"{&quot;lazyload&quot;:&quot;yes&quot;,&quot;gallery_layout&quot;:&quot;grid&quot;,&quot;columns&quot;:4,&quot;columns_tablet&quot;:2,&quot;columns_mobile&quot;:1,&quot;gap&quot;:{&quot;unit&quot;:&quot;px&quot;,&quot;size&quot;:10,&quot;sizes&quot;:[]},&quot;gap_tablet&quot;:{&quot;unit&quot;:&quot;px&quot;,&quot;size&quot;:10,&quot;sizes&quot;:[]},&quot;gap_mobile&quot;:{&quot;unit&quot;:&quot;px&quot;,&quot;size&quot;:10,&quot;sizes&quot;:[]},&quot;link_to&quot;:&quot;file&quot;,&quot;aspect_ratio&quot;:&quot;3:2&quot;,&quot;overlay_background&quot;:&quot;yes&quot;,&quot;content_hover_animation&quot;:&quot;fade-in&quot;}\" data-widget_type=\"gallery.default\">\n\t\t\t\t<div class=\"elementor-widget-container\">\n\t\t\t\t\t\t\t<div class=\"elementor-gallery__container\">\n\t\t\t\t\t\t\t<a class=\"e-gallery-item elementor-gallery-item elementor-animated-content\" href=\"https:\/\/decorhomebusiness.com\/wp-content\/uploads\/2023\/07\/property-maintenance-ayshire-services-ayr-home-business-1.jpg\" data-elementor-open-lightbox=\"yes\" data-elementor-lightbox-slideshow=\"be3dbe8\" data-elementor-lightbox-title=\"property-maintenance-ayshire-services-ayr-home-business-1\" data-e-action-hash=\"#elementor-action%3Aaction%3Dlightbox%26settings%3DeyJpZCI6MTA4OSwidXJsIjoiaHR0cHM6XC9cL2RlY29yaG9tZWJ1c2luZXNzLmNvbVwvd3AtY29udGVudFwvdXBsb2Fkc1wvMjAyM1wvMDdcL3Byb3BlcnR5LW1haW50ZW5hbmNlLWF5c2hpcmUtc2VydmljZXMtYXlyLWhvbWUtYnVzaW5lc3MtMS5qcGciLCJzbGlkZXNob3ciOiJiZTNkYmU4In0%3D\">\n\t\t\t\t\t<div class=\"e-gallery-image elementor-gallery-item__image\" data-thumbnail=\"https:\/\/decorhomebusiness.com\/wp-content\/uploads\/2023\/07\/property-maintenance-ayshire-services-ayr-home-business-1-300x168.jpg\" data-width=\"300\" data-height=\"168\" aria-label=\"\" role=\"img\" ><\/div>\n\t\t\t\t\t\t\t\t\t\t\t<div class=\"elementor-gallery-item__overlay\"><\/div>\n\t\t\t\t\t\t\t\t\t\t\t\t\t\t<\/a>\n\t\t\t\t\t\t\t<a class=\"e-gallery-item elementor-gallery-item elementor-animated-content\" href=\"https:\/\/decorhomebusiness.com\/wp-content\/uploads\/2023\/07\/property-maintenance-ayshire-services-ayr-home-business-2.jpg\" data-elementor-open-lightbox=\"yes\" data-elementor-lightbox-slideshow=\"be3dbe8\" data-elementor-lightbox-title=\"property-maintenance-ayshire-services-ayr-home-business-2\" data-e-action-hash=\"#elementor-action%3Aaction%3Dlightbox%26settings%3DeyJpZCI6MTA5MCwidXJsIjoiaHR0cHM6XC9cL2RlY29yaG9tZWJ1c2luZXNzLmNvbVwvd3AtY29udGVudFwvdXBsb2Fkc1wvMjAyM1wvMDdcL3Byb3BlcnR5LW1haW50ZW5hbmNlLWF5c2hpcmUtc2VydmljZXMtYXlyLWhvbWUtYnVzaW5lc3MtMi5qcGciLCJzbGlkZXNob3ciOiJiZTNkYmU4In0%3D\">\n\t\t\t\t\t<div class=\"e-gallery-image elementor-gallery-item__image\" data-thumbnail=\"https:\/\/decorhomebusiness.com\/wp-content\/uploads\/2023\/07\/property-maintenance-ayshire-services-ayr-home-business-2-300x168.jpg\" data-width=\"300\" data-height=\"168\" aria-label=\"\" role=\"img\" ><\/div>\n\t\t\t\t\t\t\t\t\t\t\t<div class=\"elementor-gallery-item__overlay\"><\/div>\n\t\t\t\t\t\t\t\t\t\t\t\t\t\t<\/a>\n\t\t\t\t\t\t\t<a class=\"e-gallery-item elementor-gallery-item elementor-animated-content\" href=\"https:\/\/decorhomebusiness.com\/wp-content\/uploads\/2023\/07\/property-maintenance-ayshire-services-ayr-home-business-3.jpg\" data-elementor-open-lightbox=\"yes\" data-elementor-lightbox-slideshow=\"be3dbe8\" data-elementor-lightbox-title=\"property-maintenance-ayshire-services-ayr-home-business-3\" data-e-action-hash=\"#elementor-action%3Aaction%3Dlightbox%26settings%3DeyJpZCI6MTA5MSwidXJsIjoiaHR0cHM6XC9cL2RlY29yaG9tZWJ1c2luZXNzLmNvbVwvd3AtY29udGVudFwvdXBsb2Fkc1wvMjAyM1wvMDdcL3Byb3BlcnR5LW1haW50ZW5hbmNlLWF5c2hpcmUtc2VydmljZXMtYXlyLWhvbWUtYnVzaW5lc3MtMy5qcGciLCJzbGlkZXNob3ciOiJiZTNkYmU4In0%3D\">\n\t\t\t\t\t<div class=\"e-gallery-image elementor-gallery-item__image\" data-thumbnail=\"https:\/\/decorhomebusiness.com\/wp-content\/uploads\/2023\/07\/property-maintenance-ayshire-services-ayr-home-business-3-300x168.jpg\" data-width=\"300\" data-height=\"168\" aria-label=\"\" role=\"img\" ><\/div>\n\t\t\t\t\t\t\t\t\t\t\t<div class=\"elementor-gallery-item__overlay\"><\/div>\n\t\t\t\t\t\t\t\t\t\t\t\t\t\t<\/a>\n\t\t\t\t\t\t\t<a class=\"e-gallery-item elementor-gallery-item elementor-animated-content\" href=\"https:\/\/decorhomebusiness.com\/wp-content\/uploads\/2023\/07\/property-maintenance-ayshire-services-ayr-home-business-4.jpg\" data-elementor-open-lightbox=\"yes\" data-elementor-lightbox-slideshow=\"be3dbe8\" data-elementor-lightbox-title=\"property-maintenance-ayshire-services-ayr-home-business-4\" data-e-action-hash=\"#elementor-action%3Aaction%3Dlightbox%26settings%3DeyJpZCI6MTA5MiwidXJsIjoiaHR0cHM6XC9cL2RlY29yaG9tZWJ1c2luZXNzLmNvbVwvd3AtY29udGVudFwvdXBsb2Fkc1wvMjAyM1wvMDdcL3Byb3BlcnR5LW1haW50ZW5hbmNlLWF5c2hpcmUtc2VydmljZXMtYXlyLWhvbWUtYnVzaW5lc3MtNC5qcGciLCJzbGlkZXNob3ciOiJiZTNkYmU4In0%3D\">\n\t\t\t\t\t<div class=\"e-gallery-image elementor-gallery-item__image\" data-thumbnail=\"https:\/\/decorhomebusiness.com\/wp-content\/uploads\/2023\/07\/property-maintenance-ayshire-services-ayr-home-business-4-300x168.jpg\" data-width=\"300\" data-height=\"168\" aria-label=\"\" role=\"img\" ><\/div>\n\t\t\t\t\t\t\t\t\t\t\t<div class=\"elementor-gallery-item__overlay\"><\/div>\n\t\t\t\t\t\t\t\t\t\t\t\t\t\t<\/a>\n\t\t\t\t\t<\/div>\n\t\t\t\t\t<\/div>\n\t\t\t\t<\/div>\n\t\t\t\t\t<\/div>\n\t\t<\/div>\n\t\t\t\t\t<\/div>\n\t\t<\/section>\n\t\t\t\t<section class=\"elementor-section elementor-top-section elementor-element elementor-element-e2b40b5 elementor-section-boxed elementor-section-height-default elementor-section-height-default\" data-id=\"e2b40b5\" data-element_type=\"section\" data-e-type=\"section\">\n\t\t\t\t\t\t<div class=\"elementor-container elementor-column-gap-default\">\n\t\t\t\t\t<div class=\"elementor-column elementor-col-50 elementor-top-column elementor-element elementor-element-ea2df2d\" data-id=\"ea2df2d\" data-element_type=\"column\" data-e-type=\"column\">\n\t\t\t<div class=\"elementor-widget-wrap elementor-element-populated\">\n\t\t\t\t\t\t<div class=\"elementor-element elementor-element-7a2574c elementor-widget elementor-widget-text-editor\" data-id=\"7a2574c\" data-element_type=\"widget\" data-e-type=\"widget\" data-widget_type=\"text-editor.default\">\n\t\t\t\t<div class=\"elementor-widget-container\">\n\t\t\t\t\t\t\t\t\t<h2>Nuestros Servicios:<\/h2><ol><li><p><b>Pintura y decoraci\u00f3n:<\/b> Nuestros pintores y decoradores expertos transformar\u00e1n su propiedad con servicios de pintura profesionales. Ya sea renovando las paredes con una nueva capa de pintura o creando una paleta de colores personalizada, garantizamos acabados impecables y atenci\u00f3n al detalle que realzar\u00e1n la est\u00e9tica de su espacio.<\/p><\/li><li><p><b>Yeso y reparaci\u00f3n:<\/b> Ofrecemos servicios profesionales de yeser\u00eda y reparaci\u00f3n para restaurar la belleza e integridad estructural de sus paredes y techos. Desde reparaciones de yeser\u00eda hasta alisado y revoco, nuestro equipo le entregar\u00e1 resultados impecables que dejar\u00e1n sus superficies lisas e impecables.<\/p><\/li><li><p><b>Mantenimiento general de la propiedad: <\/b>Ofrecemos servicios rutinarios de mantenimiento de propiedades para garantizar que su propiedad se mantenga en \u00f3ptimas condiciones. Desde la limpieza de canaletas y el lavado a presi\u00f3n hasta peque\u00f1as reparaciones y tareas de mantenimiento, nos encargamos de todos los detalles para que pueda disfrutar de una propiedad en perfecto estado.<\/p><\/li><\/ol>\t\t\t\t\t\t\t\t<\/div>\n\t\t\t\t<\/div>\n\t\t\t\t\t<\/div>\n\t\t<\/div>\n\t\t\t\t<div class=\"elementor-column elementor-col-50 elementor-top-column elementor-element elementor-element-2b0ea7e\" data-id=\"2b0ea7e\" data-element_type=\"column\" data-e-type=\"column\">\n\t\t\t<div class=\"elementor-widget-wrap elementor-element-populated\">\n\t\t\t\t\t\t<div class=\"elementor-element elementor-element-72142e1 elementor-widget elementor-widget-text-editor\" data-id=\"72142e1\" data-element_type=\"widget\" data-e-type=\"widget\" data-widget_type=\"text-editor.default\">\n\t\t\t\t<div class=\"elementor-widget-container\">\n\t\t\t\t\t\t\t\t\t<h2><b>\u00bfPor qu\u00e9 elegirnos?<\/b><\/h2><ol><li><p><b>Amplia experiencia en mantenimiento de propiedades: <\/b>Con a\u00f1os de experiencia en el sector, nuestro equipo de profesionales cuenta con la experiencia y el conocimiento necesarios para gestionar todos los aspectos del mantenimiento de propiedades. Desde peque\u00f1as reparaciones hasta proyectos de mayor envergadura, ofrecemos servicios integrales para garantizar que su propiedad se mantenga en \u00f3ptimas condiciones.<\/p><\/li><li><p><b>Soluciones integrales: <\/b>En Decor Home &amp; Business, entendemos que el mantenimiento de propiedades abarca varios aspectos. Por eso, ofrecemos una gama completa de servicios, que incluyen pintura, yeser\u00eda, mantenimiento general y m\u00e1s. Nuestro enfoque integral garantiza comodidad y eficiencia, ahorr\u00e1ndole tiempo y esfuerzo.<\/p><\/li><li><p><b>Servicio confiable y r\u00e1pido: <\/b>Valoramos su tiempo y nos esforzamos por brindar un servicio r\u00e1pido y confiable. Ya sea programando visitas de mantenimiento regulares o atendiendo reparaciones urgentes, nuestro equipo se compromete a brindar soluciones oportunas y eficientes. Puede contar con nosotros para mantener su propiedad en \u00f3ptimas condiciones.<\/p><\/li><li><p><b>Artesan\u00eda de calidad:<\/b> Nos enorgullecemos de nuestro trabajo y nos aseguramos de que cada proyecto se ejecute con los m\u00e1s altos est\u00e1ndares. Nuestros profesionales cualificados prestan una meticulosa atenci\u00f3n al detalle, garantizando que todas las reparaciones, instalaciones y acabados se realicen con precisi\u00f3n y cuidado. Nos dedicamos a ofrecer una calidad excepcional que perdure en el tiempo.<\/p><\/li><li><p><b>Excelente servicio al cliente:<\/b> En DecorHome, priorizamos la satisfacci\u00f3n del cliente. Nuestro equipo, amable y profesional, est\u00e1 aqu\u00ed para escuchar sus necesidades, brindarle asesoramiento experto y resolver cualquier inquietud que pueda tener. Creemos en la comunicaci\u00f3n abierta y en construir relaciones duraderas con nuestros clientes.<\/p><\/li><\/ol>\t\t\t\t\t\t\t\t<\/div>\n\t\t\t\t<\/div>\n\t\t\t\t\t<\/div>\n\t\t<\/div>\n\t\t\t\t\t<\/div>\n\t\t<\/section>\n\t\t\t\t<section class=\"elementor-section elementor-top-section elementor-element elementor-element-51e0284 elementor-section-boxed elementor-section-height-default elementor-section-height-default\" data-id=\"51e0284\" data-element_type=\"section\" data-e-type=\"section\">\n\t\t\t\t\t\t<div class=\"elementor-container elementor-column-gap-default\">\n\t\t\t\t\t<div class=\"elementor-column elementor-col-100 elementor-top-column elementor-element elementor-element-03f9644\" data-id=\"03f9644\" data-element_type=\"column\" data-e-type=\"column\">\n\t\t\t<div class=\"elementor-widget-wrap elementor-element-populated\">\n\t\t\t\t\t\t<div class=\"elementor-element elementor-element-5618a26 elementor-widget elementor-widget-text-editor\" data-id=\"5618a26\" data-element_type=\"widget\" data-e-type=\"widget\" data-widget_type=\"text-editor.default\">\n\t\t\t\t<div class=\"elementor-widget-container\">\n\t\t\t\t\t\t\t\t\t<p><b>Comun\u00edquese con DecorHome hoy para una consulta gratuita y perm\u00edtanos encargarnos del mantenimiento de su propiedad y sus necesidades de decoraci\u00f3n. <br \/><br \/>Nos dedicamos a ofrecer una artesan\u00eda excepcional, un servicio confiable y la satisfacci\u00f3n del cliente. Conf\u00ede en nosotros para que su propiedad luzca impecable en M\u00e1laga.<\/b><\/p>\t\t\t\t\t\t\t\t<\/div>\n\t\t\t\t<\/div>\n\t\t\t\t\t<\/div>\n\t\t<\/div>\n\t\t\t\t\t<\/div>\n\t\t<\/section>\n\t\t\t\t<\/div>","protected":false},"excerpt":{"rendered":"<p>Decor Home Property Maintenance Ayrshire Welcome to Decor Home &amp; Business, your trusted partner for property maintenance and decorating services in Ayrshire, Scotland. With our comprehensive range of services and commitment to excellence, we are dedicated to keeping your property in pristine condition while enhancing its beauty and functionality. Whether you require routine maintenance or [&hellip;]<\/p>\n","protected":false},"author":4,"featured_media":0,"parent":0,"menu_order":0,"comment_status":"closed","ping_status":"closed","template":"elementor_header_footer","meta":{"_monsterinsights_skip_tracking":false,"_monsterinsights_sitenote_active":false,"_monsterinsights_sitenote_note":"","_monsterinsights_sitenote_category":0,"_uf_show_specific_survey":0,"_uf_disable_surveys":false,"footnotes":""},"class_list":["post-586","page","type-page","status-publish","hentry","entry"],"_links":{"self":[{"href":"https:\/\/decorhomebusiness.com\/es\/wp-json\/wp\/v2\/pages\/586","targetHints":{"allow":["GET"]}}],"collection":[{"href":"https:\/\/decorhomebusiness.com\/es\/wp-json\/wp\/v2\/pages"}],"about":[{"href":"https:\/\/decorhomebusiness.com\/es\/wp-json\/wp\/v2\/types\/page"}],"author":[{"embeddable":true,"href":"https:\/\/decorhomebusiness.com\/es\/wp-json\/wp\/v2\/users\/4"}],"replies":[{"embeddable":true,"href":"https:\/\/decorhomebusiness.com\/es\/wp-json\/wp\/v2\/comments?post=586"}],"version-history":[{"count":0,"href":"https:\/\/decorhomebusiness.com\/es\/wp-json\/wp\/v2\/pages\/586\/revisions"}],"wp:attachment":[{"href":"https:\/\/decorhomebusiness.com\/es\/wp-json\/wp\/v2\/media?parent=586"}],"curies":[{"name":"gracias","href":"https:\/\/api.w.org\/{rel}","templated":true}]}}