{"id":585,"date":"2023-05-15T10:35:01","date_gmt":"2023-05-15T10:35:01","guid":{"rendered":"https:\/\/decorhomebusiness.com\/?page_id=585"},"modified":"2025-01-18T15:55:47","modified_gmt":"2025-01-18T15:55:47","slug":"renovaciones-y-remodelaciones-en-malaga","status":"publish","type":"page","link":"https:\/\/decorhomebusiness.com\/es\/renovaciones-y-remodelaciones-en-malaga\/","title":{"rendered":"Renovaciones y reformas en Malaga"},"content":{"rendered":"<div data-elementor-type=\"wp-page\" data-elementor-id=\"585\" class=\"elementor elementor-585\" data-elementor-post-type=\"page\">\n\t\t\t\t\t\t<section class=\"elementor-section elementor-top-section elementor-element elementor-element-4be0737 elementor-section-boxed elementor-section-height-default elementor-section-height-default\" data-id=\"4be0737\" data-element_type=\"section\" data-e-type=\"section\">\n\t\t\t\t\t\t<div class=\"elementor-container elementor-column-gap-default\">\n\t\t\t\t\t<div class=\"elementor-column elementor-col-100 elementor-top-column elementor-element elementor-element-6267ac4\" data-id=\"6267ac4\" data-element_type=\"column\" data-e-type=\"column\">\n\t\t\t<div class=\"elementor-widget-wrap elementor-element-populated\">\n\t\t\t\t\t\t<div class=\"elementor-element elementor-element-e595832 elementor-widget elementor-widget-heading\" data-id=\"e595832\" data-element_type=\"widget\" data-e-type=\"widget\" data-widget_type=\"heading.default\">\n\t\t\t\t<div class=\"elementor-widget-container\">\n\t\t\t\t\t<h2 class=\"elementor-heading-title elementor-size-default\"><h1 class=\"elementor-heading-title elementor-size-default elementor-inline-editing pen\" data-elementor-setting-key=\"title\" data-pen-placeholder=\"Type Here...\" style=\"line-height: 1.1em;font-family: Manrope, sans-serif;font-size: 70px;font-style: normal;color: var( --e-global-color-primary )\">DecorHome <br>Renovaciones y reformas en M\u00e1laga<\/h1><\/h2>\t\t\t\t<\/div>\n\t\t\t\t<\/div>\n\t\t\t\t\t<\/div>\n\t\t<\/div>\n\t\t\t\t\t<\/div>\n\t\t<\/section>\n\t\t\t\t<section class=\"elementor-section elementor-top-section elementor-element elementor-element-79467b6 elementor-section-boxed elementor-section-height-default elementor-section-height-default\" data-id=\"79467b6\" data-element_type=\"section\" data-e-type=\"section\">\n\t\t\t\t\t\t<div class=\"elementor-container elementor-column-gap-default\">\n\t\t\t\t\t<div class=\"elementor-column elementor-col-100 elementor-top-column elementor-element elementor-element-ceca087\" data-id=\"ceca087\" data-element_type=\"column\" data-e-type=\"column\">\n\t\t\t<div class=\"elementor-widget-wrap elementor-element-populated\">\n\t\t\t\t\t\t<div class=\"elementor-element elementor-element-24cd1a1 elementor-widget elementor-widget-text-editor\" data-id=\"24cd1a1\" data-element_type=\"widget\" data-e-type=\"widget\" data-widget_type=\"text-editor.default\">\n\t\t\t\t<div class=\"elementor-widget-container\">\n\t\t\t\t\t\t\t\t\t<p><b>Bienvenido a DecorHome, los principales expertos en decoraci\u00f3n, reformas y remodelaciones en M\u00e1laga. <br \/><\/b><br \/><b>Con nuestra pasi\u00f3n por revitalizar espacios y nuestro compromiso con la artesan\u00eda excepcional, estamos aqu\u00ed para transformar su propiedad en el hogar o negocio de sus sue\u00f1os. Ya sea que busque renovar una sola habitaci\u00f3n o emprender una reforma integral, nuestro equipo de expertos est\u00e1 listo para hacer realidad su visi\u00f3n.<\/b><\/p>\t\t\t\t\t\t\t\t<\/div>\n\t\t\t\t<\/div>\n\t\t\t\t\t<\/div>\n\t\t<\/div>\n\t\t\t\t\t<\/div>\n\t\t<\/section>\n\t\t\t\t<section class=\"elementor-section elementor-top-section elementor-element elementor-element-047f50a elementor-section-boxed elementor-section-height-default elementor-section-height-default\" data-id=\"047f50a\" data-element_type=\"section\" data-e-type=\"section\">\n\t\t\t\t\t\t<div class=\"elementor-container elementor-column-gap-default\">\n\t\t\t\t\t<div class=\"elementor-column elementor-col-100 elementor-top-column elementor-element elementor-element-d510a64\" data-id=\"d510a64\" data-element_type=\"column\" data-e-type=\"column\">\n\t\t\t<div class=\"elementor-widget-wrap elementor-element-populated\">\n\t\t\t\t\t\t<div class=\"elementor-element elementor-element-1602ba1 elementor-widget elementor-widget-gallery\" data-id=\"1602ba1\" data-element_type=\"widget\" data-e-type=\"widget\" data-settings=\"{&quot;lazyload&quot;:&quot;yes&quot;,&quot;gallery_layout&quot;:&quot;grid&quot;,&quot;columns&quot;:4,&quot;columns_tablet&quot;:2,&quot;columns_mobile&quot;:1,&quot;gap&quot;:{&quot;unit&quot;:&quot;px&quot;,&quot;size&quot;:10,&quot;sizes&quot;:[]},&quot;gap_tablet&quot;:{&quot;unit&quot;:&quot;px&quot;,&quot;size&quot;:10,&quot;sizes&quot;:[]},&quot;gap_mobile&quot;:{&quot;unit&quot;:&quot;px&quot;,&quot;size&quot;:10,&quot;sizes&quot;:[]},&quot;link_to&quot;:&quot;file&quot;,&quot;aspect_ratio&quot;:&quot;3:2&quot;,&quot;overlay_background&quot;:&quot;yes&quot;,&quot;content_hover_animation&quot;:&quot;fade-in&quot;}\" data-widget_type=\"gallery.default\">\n\t\t\t\t<div class=\"elementor-widget-container\">\n\t\t\t\t\t\t\t<div class=\"elementor-gallery__container\">\n\t\t\t\t\t\t\t<a class=\"e-gallery-item elementor-gallery-item elementor-animated-content\" href=\"https:\/\/decorhomebusiness.com\/wp-content\/uploads\/2021\/12\/scotland-prestwick-ayr-painting-decroating.jpg\" data-elementor-open-lightbox=\"yes\" data-elementor-lightbox-slideshow=\"1602ba1\" data-elementor-lightbox-title=\"scotland-prestwick-ayr-painting-decroating\" data-e-action-hash=\"#elementor-action%3Aaction%3Dlightbox%26settings%3DeyJpZCI6MzQ4LCJ1cmwiOiJodHRwczpcL1wvZGVjb3Job21lYnVzaW5lc3MuY29tXC93cC1jb250ZW50XC91cGxvYWRzXC8yMDIxXC8xMlwvc2NvdGxhbmQtcHJlc3R3aWNrLWF5ci1wYWludGluZy1kZWNyb2F0aW5nLmpwZyIsInNsaWRlc2hvdyI6IjE2MDJiYTEifQ%3D%3D\">\n\t\t\t\t\t<div class=\"e-gallery-image elementor-gallery-item__image\" data-thumbnail=\"https:\/\/decorhomebusiness.com\/wp-content\/uploads\/2021\/12\/scotland-prestwick-ayr-painting-decroating-225x300.jpg\" data-width=\"225\" data-height=\"300\" aria-label=\"\" role=\"img\" ><\/div>\n\t\t\t\t\t\t\t\t\t\t\t<div class=\"elementor-gallery-item__overlay\"><\/div>\n\t\t\t\t\t\t\t\t\t\t\t\t\t\t<\/a>\n\t\t\t\t\t\t\t<a class=\"e-gallery-item elementor-gallery-item elementor-animated-content\" href=\"https:\/\/decorhomebusiness.com\/wp-content\/uploads\/2021\/12\/home-decorating-painters-ayr-refurbishing.jpg\" data-elementor-open-lightbox=\"yes\" data-elementor-lightbox-slideshow=\"1602ba1\" data-elementor-lightbox-title=\"home-decorating-painters-ayr-refurbishing\" data-e-action-hash=\"#elementor-action%3Aaction%3Dlightbox%26settings%3DeyJpZCI6MzQ0LCJ1cmwiOiJodHRwczpcL1wvZGVjb3Job21lYnVzaW5lc3MuY29tXC93cC1jb250ZW50XC91cGxvYWRzXC8yMDIxXC8xMlwvaG9tZS1kZWNvcmF0aW5nLXBhaW50ZXJzLWF5ci1yZWZ1cmJpc2hpbmcuanBnIiwic2xpZGVzaG93IjoiMTYwMmJhMSJ9\">\n\t\t\t\t\t<div class=\"e-gallery-image elementor-gallery-item__image\" data-thumbnail=\"https:\/\/decorhomebusiness.com\/wp-content\/uploads\/2021\/12\/home-decorating-painters-ayr-refurbishing-225x300.jpg\" data-width=\"225\" data-height=\"300\" aria-label=\"\" role=\"img\" ><\/div>\n\t\t\t\t\t\t\t\t\t\t\t<div class=\"elementor-gallery-item__overlay\"><\/div>\n\t\t\t\t\t\t\t\t\t\t\t\t\t\t<\/a>\n\t\t\t\t\t\t\t<a class=\"e-gallery-item elementor-gallery-item elementor-animated-content\" href=\"https:\/\/decorhomebusiness.com\/wp-content\/uploads\/2021\/12\/property-maintenance-ayrshire-ayr-preswtick.jpg\" data-elementor-open-lightbox=\"yes\" data-elementor-lightbox-slideshow=\"1602ba1\" data-elementor-lightbox-title=\"property-maintenance-ayrshire-ayr-preswtick\" data-e-action-hash=\"#elementor-action%3Aaction%3Dlightbox%26settings%3DeyJpZCI6MzQyLCJ1cmwiOiJodHRwczpcL1wvZGVjb3Job21lYnVzaW5lc3MuY29tXC93cC1jb250ZW50XC91cGxvYWRzXC8yMDIxXC8xMlwvcHJvcGVydHktbWFpbnRlbmFuY2UtYXlyc2hpcmUtYXlyLXByZXN3dGljay5qcGciLCJzbGlkZXNob3ciOiIxNjAyYmExIn0%3D\">\n\t\t\t\t\t<div class=\"e-gallery-image elementor-gallery-item__image\" data-thumbnail=\"https:\/\/decorhomebusiness.com\/wp-content\/uploads\/2021\/12\/property-maintenance-ayrshire-ayr-preswtick-225x300.jpg\" data-width=\"225\" data-height=\"300\" aria-label=\"\" role=\"img\" ><\/div>\n\t\t\t\t\t\t\t\t\t\t\t<div class=\"elementor-gallery-item__overlay\"><\/div>\n\t\t\t\t\t\t\t\t\t\t\t\t\t\t<\/a>\n\t\t\t\t\t\t\t<a class=\"e-gallery-item elementor-gallery-item elementor-animated-content\" href=\"https:\/\/decorhomebusiness.com\/wp-content\/uploads\/2021\/12\/img_3431.jpg\" data-elementor-open-lightbox=\"yes\" data-elementor-lightbox-slideshow=\"1602ba1\" data-elementor-lightbox-title=\"IMG_3431\" data-e-action-hash=\"#elementor-action%3Aaction%3Dlightbox%26settings%3DeyJpZCI6MzQwLCJ1cmwiOiJodHRwczpcL1wvZGVjb3Job21lYnVzaW5lc3MuY29tXC93cC1jb250ZW50XC91cGxvYWRzXC8yMDIxXC8xMlwvaW1nXzM0MzEuanBnIiwic2xpZGVzaG93IjoiMTYwMmJhMSJ9\">\n\t\t\t\t\t<div class=\"e-gallery-image elementor-gallery-item__image\" data-thumbnail=\"https:\/\/decorhomebusiness.com\/wp-content\/uploads\/2021\/12\/img_3431-225x300.jpg\" data-width=\"225\" data-height=\"300\" aria-label=\"\" role=\"img\" ><\/div>\n\t\t\t\t\t\t\t\t\t\t\t<div class=\"elementor-gallery-item__overlay\"><\/div>\n\t\t\t\t\t\t\t\t\t\t\t\t\t\t<\/a>\n\t\t\t\t\t<\/div>\n\t\t\t\t\t<\/div>\n\t\t\t\t<\/div>\n\t\t\t\t\t<\/div>\n\t\t<\/div>\n\t\t\t\t\t<\/div>\n\t\t<\/section>\n\t\t\t\t<section class=\"elementor-section elementor-top-section elementor-element elementor-element-df8fbc6 elementor-section-boxed elementor-section-height-default elementor-section-height-default\" data-id=\"df8fbc6\" data-element_type=\"section\" data-e-type=\"section\">\n\t\t\t\t\t\t<div class=\"elementor-container elementor-column-gap-default\">\n\t\t\t\t\t<div class=\"elementor-column elementor-col-50 elementor-top-column elementor-element elementor-element-c3293d4\" data-id=\"c3293d4\" data-element_type=\"column\" data-e-type=\"column\">\n\t\t\t<div class=\"elementor-widget-wrap elementor-element-populated\">\n\t\t\t\t\t\t<div class=\"elementor-element elementor-element-9712c44 elementor-widget elementor-widget-text-editor\" data-id=\"9712c44\" data-element_type=\"widget\" data-e-type=\"widget\" data-widget_type=\"text-editor.default\">\n\t\t\t\t<div class=\"elementor-widget-container\">\n\t\t\t\t\t\t\t\t\t<h2><b>Nuestros Servicios:<\/b><\/h2><ol><li><p><b>Renovaci\u00f3n de propiedades: <\/b>Tanto si buscarenovar una sola habitaci\u00f3n o una casa completa, ofrecemos servicios integrales de renovaci\u00f3n que revitalizar\u00e1n su propiedad. Desde modificaciones estructurales hasta actualizaciones el\u00e9ctricas y de fontaner\u00eda, gestionamos cada aspecto del proceso de renovaci\u00f3n con precisi\u00f3n y cuidado.<\/p><\/li><li><p><b>Reforma de interiores: <\/b>Si desea revitalizar el interior de su hogar o negocio, nuestros servicios de reforma de interiores se adaptan a sus necesidades espec\u00edficas. Ofrecemos servicios de pintura, yeser\u00eda, suelos y carpinter\u00eda, garantizando una apariencia fresca y moderna que refleje su estilo.<\/p><\/li><li><p><b>Remodelaci\u00f3n de cocina y ba\u00f1o:<\/b> Nuestro equipo se especializa en transformar cocinas y ba\u00f1os en espacios impactantes y funcionales. Desde el dise\u00f1o hasta la instalaci\u00f3n, trabajamos estrechamente con usted para crear la cocina o el ba\u00f1o perfectos que se adapten a su estilo de vida y satisfagan sus necesidades.<\/p><\/li><li><p><b>Pavimentos y alicatados: <\/b>Ofrecemos una amplia gama de opciones para suelos, incluyendo madera, laminados, vinilo y baldosas, que se adaptan a su gusto y presupuesto. Nuestro equipo de expertos garantiza una instalaci\u00f3n precisa y acabados impecables, realzando la est\u00e9tica de su espacio.<\/p><\/li><li><p><b>Mantenimiento general: <\/b>Nuestros expertos carpinteros y ebanistas pueden crear muebles a medida, instalar armarios a medida y manejar todos los aspectos del trabajo de carpinter\u00eda, agregando un toque de elegancia y funcionalidad a su espacio.<\/p><\/li><\/ol>\t\t\t\t\t\t\t\t<\/div>\n\t\t\t\t<\/div>\n\t\t\t\t\t<\/div>\n\t\t<\/div>\n\t\t\t\t<div class=\"elementor-column elementor-col-50 elementor-top-column elementor-element elementor-element-9479dd5\" data-id=\"9479dd5\" data-element_type=\"column\" data-e-type=\"column\">\n\t\t\t<div class=\"elementor-widget-wrap elementor-element-populated\">\n\t\t\t\t\t\t<div class=\"elementor-element elementor-element-45672dd elementor-widget elementor-widget-text-editor\" data-id=\"45672dd\" data-element_type=\"widget\" data-e-type=\"widget\" data-widget_type=\"text-editor.default\">\n\t\t\t\t<div class=\"elementor-widget-container\">\n\t\t\t\t\t\t\t\t\t<h2><b>\u00bfPor qu\u00e9 elegirnos?<\/b><\/h2><ol><li><p><b>Expertos en Renovaci\u00f3n: <\/b>Con a\u00f1os de experiencia en el sector, nuestro equipo de profesionales cuenta con la experiencia y el conocimiento necesarios para gestionar todos los aspectos de los proyectos de renovaci\u00f3n y reforma. Desde la concepci\u00f3n hasta la finalizaci\u00f3n, ofrecemos servicios integrales, garantizando una experiencia fluida y sin complicaciones.<\/p><\/li><li><p><b>Soluciones a medida: <\/b>Entendemos que cada proyecto es \u00fanico y requiere atenci\u00f3n personalizada. Nos tomamos el tiempo para escuchar sus ideas, comprender sus objetivos y ofrecer soluciones a medida que se adapten a su estilo, preferencias y presupuesto. Nuestro equipo colabora estrechamente con usted para hacer realidad su visi\u00f3n.<\/p><\/li><li><p><b>Artesan\u00eda de alta calidad: <\/b>En DecorHome, nos dedicamos a ofrecer una artesan\u00eda superior. Nuestros profesionales cualificados prestan una meticulosa atenci\u00f3n al detalle, garantizando que cada aspecto de su renovaci\u00f3n o remodelaci\u00f3n se ejecute con la m\u00e1s alta calidad. Desde los cambios estructurales hasta los acabados, buscamos la perfecci\u00f3n en cada detalle.<\/p><\/li><li><p><b>Amplia gama de servicios: <\/b>Ofrecemos una gama completa de servicios para satisfacer todas sus necesidades de renovaci\u00f3n y reforma. Ya sea pintura, enlucidos y trabajos en yeso, suelos, alicatado o carpinter\u00eda, contamos con la experiencia y las habilidades necesarias para gestionarlo todo. Nuestro enfoque integral garantiza un flujo de trabajo fluido y resultados excepcionales.<\/p><\/li><li><p><b>Materiales y proveedores de calidad: <\/b>Creemos en utilizar \u00fanicamente los mejores materiales para garantizar la durabilidad y longevidad de su espacio renovado o remodelado. Hemos establecido alianzas con proveedores de confianza, lo que nos permite obtener materiales de primera calidad a precios competitivos. Este compromiso con la calidad garantiza un producto final que resistir\u00e1 el paso del tiempo.<\/p><\/li><\/ol>\t\t\t\t\t\t\t\t<\/div>\n\t\t\t\t<\/div>\n\t\t\t\t\t<\/div>\n\t\t<\/div>\n\t\t\t\t\t<\/div>\n\t\t<\/section>\n\t\t\t\t<section class=\"elementor-section elementor-top-section elementor-element elementor-element-027e120 elementor-section-boxed elementor-section-height-default elementor-section-height-default\" data-id=\"027e120\" data-element_type=\"section\" data-e-type=\"section\">\n\t\t\t\t\t\t<div class=\"elementor-container elementor-column-gap-default\">\n\t\t\t\t\t<div class=\"elementor-column elementor-col-100 elementor-top-column elementor-element elementor-element-e4ded00\" data-id=\"e4ded00\" data-element_type=\"column\" data-e-type=\"column\">\n\t\t\t<div class=\"elementor-widget-wrap elementor-element-populated\">\n\t\t\t\t\t\t<div class=\"elementor-element elementor-element-b6e4262 elementor-widget elementor-widget-text-editor\" data-id=\"b6e4262\" data-element_type=\"widget\" data-e-type=\"widget\" data-widget_type=\"text-editor.default\">\n\t\t\t\t<div class=\"elementor-widget-container\">\n\t\t\t\t\t\t\t\t\t<p><b>Comun\u00edquese con DecorHome para una consulta gratuita y perm\u00edtanos transformar su propiedad con nuestros excepcionales servicios de renovaci\u00f3n y remodelaci\u00f3n.\u00a0<\/b><\/p><p><b>Nos comprometemos a ofrecer una artesan\u00eda excepcional, soluciones personalizadas y una satisfacci\u00f3n del cliente inigualable. Conf\u00ede en nosotros para hacer realidad sus sue\u00f1os de renovaci\u00f3n y reforma en M\u00e1laga.<\/b><\/p>\t\t\t\t\t\t\t\t<\/div>\n\t\t\t\t<\/div>\n\t\t\t\t\t<\/div>\n\t\t<\/div>\n\t\t\t\t\t<\/div>\n\t\t<\/section>\n\t\t\t\t<\/div>","protected":false},"excerpt":{"rendered":"<p>Decor Home Renovations &amp; Refurbishing Ayrshire Welcome to Decor Home &amp; Business, the premier renovating and refurbishment decorating experts in Ayrshire, Scotland. With our passion for revitalizing spaces and our commitment to exceptional craftsmanship, we are here to transform your property into the home or business of your dreams. Whether you&#8217;re looking to renovate a [&hellip;]<\/p>\n","protected":false},"author":4,"featured_media":0,"parent":0,"menu_order":0,"comment_status":"closed","ping_status":"closed","template":"elementor_header_footer","meta":{"_monsterinsights_skip_tracking":false,"_monsterinsights_sitenote_active":false,"_monsterinsights_sitenote_note":"","_monsterinsights_sitenote_category":0,"_uf_show_specific_survey":0,"_uf_disable_surveys":false,"footnotes":""},"class_list":["post-585","page","type-page","status-publish","hentry","entry"],"_links":{"self":[{"href":"https:\/\/decorhomebusiness.com\/es\/wp-json\/wp\/v2\/pages\/585","targetHints":{"allow":["GET"]}}],"collection":[{"href":"https:\/\/decorhomebusiness.com\/es\/wp-json\/wp\/v2\/pages"}],"about":[{"href":"https:\/\/decorhomebusiness.com\/es\/wp-json\/wp\/v2\/types\/page"}],"author":[{"embeddable":true,"href":"https:\/\/decorhomebusiness.com\/es\/wp-json\/wp\/v2\/users\/4"}],"replies":[{"embeddable":true,"href":"https:\/\/decorhomebusiness.com\/es\/wp-json\/wp\/v2\/comments?post=585"}],"version-history":[{"count":3,"href":"https:\/\/decorhomebusiness.com\/es\/wp-json\/wp\/v2\/pages\/585\/revisions"}],"predecessor-version":[{"id":1747,"href":"https:\/\/decorhomebusiness.com\/es\/wp-json\/wp\/v2\/pages\/585\/revisions\/1747"}],"wp:attachment":[{"href":"https:\/\/decorhomebusiness.com\/es\/wp-json\/wp\/v2\/media?parent=585"}],"curies":[{"name":"gracias","href":"https:\/\/api.w.org\/{rel}","templated":true}]}}