{"id":583,"date":"2023-05-15T09:43:30","date_gmt":"2023-05-15T09:43:30","guid":{"rendered":"https:\/\/decorhomebusiness.com\/?page_id=583"},"modified":"2023-07-15T11:36:09","modified_gmt":"2023-07-15T11:36:09","slug":"enyesado-en-malaga","status":"publish","type":"page","link":"https:\/\/decorhomebusiness.com\/es\/enyesado-en-malaga\/","title":{"rendered":"Decoraci\u00f3n en yeso y  Estucado en M\u00e1laga"},"content":{"rendered":"<div data-elementor-type=\"wp-page\" data-elementor-id=\"583\" class=\"elementor elementor-583\" data-elementor-post-type=\"page\">\n\t\t\t\t\t\t<section class=\"elementor-section elementor-top-section elementor-element elementor-element-2f28fe1 elementor-section-boxed elementor-section-height-default elementor-section-height-default\" data-id=\"2f28fe1\" data-element_type=\"section\" data-e-type=\"section\">\n\t\t\t\t\t\t<div class=\"elementor-container elementor-column-gap-default\">\n\t\t\t\t\t<div class=\"elementor-column elementor-col-100 elementor-top-column elementor-element elementor-element-e699ffb\" data-id=\"e699ffb\" data-element_type=\"column\" data-e-type=\"column\">\n\t\t\t<div class=\"elementor-widget-wrap elementor-element-populated\">\n\t\t\t\t\t\t<div class=\"elementor-element elementor-element-5227a64 elementor-widget elementor-widget-heading\" data-id=\"5227a64\" data-element_type=\"widget\" data-e-type=\"widget\" data-widget_type=\"heading.default\">\n\t\t\t\t<div class=\"elementor-widget-container\">\n\t\t\t\t\t<h2 class=\"elementor-heading-title elementor-size-default\"><h1 class=\"elementor-heading-title elementor-size-default elementor-inline-editing pen\" data-elementor-setting-key=\"title\" data-pen-placeholder=\"Type Here...\" style=\"line-height: 1.1em;font-family: Manrope, sans-serif;font-size: 70px;font-style: normal;color: var( --e-global-color-primary )\">DecorHome <br>Decoraci\u00f3n en yeso y  Estucado en M\u00e1laga<\/h1><\/h2>\t\t\t\t<\/div>\n\t\t\t\t<\/div>\n\t\t\t\t\t<\/div>\n\t\t<\/div>\n\t\t\t\t\t<\/div>\n\t\t<\/section>\n\t\t\t\t<section class=\"elementor-section elementor-top-section elementor-element elementor-element-2be2aef elementor-section-boxed elementor-section-height-default elementor-section-height-default\" data-id=\"2be2aef\" data-element_type=\"section\" data-e-type=\"section\">\n\t\t\t\t\t\t<div class=\"elementor-container elementor-column-gap-default\">\n\t\t\t\t\t<div class=\"elementor-column elementor-col-100 elementor-top-column elementor-element elementor-element-727b9da\" data-id=\"727b9da\" data-element_type=\"column\" data-e-type=\"column\">\n\t\t\t<div class=\"elementor-widget-wrap elementor-element-populated\">\n\t\t\t\t\t\t<div class=\"elementor-element elementor-element-91d236d elementor-widget elementor-widget-text-editor\" data-id=\"91d236d\" data-element_type=\"widget\" data-e-type=\"widget\" data-widget_type=\"text-editor.default\">\n\t\t\t\t<div class=\"elementor-widget-container\">\n\t\t\t\t\t\t\t\t\t<p><span style=\"color: #374151; font-family: S\u00f6hne, ui-sans-serif, system-ui, -apple-system, 'Segoe UI', Roboto, Ubuntu, Cantarell, 'Noto Sans', sans-serif, 'Helvetica Neue', Arial, 'Apple Color Emoji', 'Segoe UI Emoji', 'Segoe UI Symbol', 'Noto Color Emoji'; font-size: 16px; font-style: normal; font-variant-ligatures: normal; font-variant-caps: normal; white-space: pre-wrap; background-color: #f7f7f8;\"><b>Bienvenido a DecorHome, los principales especialistas en enyesado en M\u00e1laga <\/b><\/span><\/p><p><span style=\"color: #374151; font-family: S\u00f6hne, ui-sans-serif, system-ui, -apple-system, 'Segoe UI', Roboto, Ubuntu, Cantarell, 'Noto Sans', sans-serif, 'Helvetica Neue', Arial, 'Apple Color Emoji', 'Segoe UI Emoji', 'Segoe UI Symbol', 'Noto Color Emoji'; font-size: 16px; font-style: normal; font-variant-ligatures: normal; font-variant-caps: normal; white-space: pre-wrap; background-color: #f7f7f8;\"><b>Gracias a nuestra experta artesan\u00eda y compromiso con la excelencia, nos enorgullece transformar su espacio en una obra maestra. Tanto si necesita servicios de enyesado para su hogar o negocio, nuestro equipo de expertos est\u00e1 aqu\u00ed para ofrecerle resultados impecables que superar\u00e1n sus expectativas.<\/b><\/span><\/p>\t\t\t\t\t\t\t\t<\/div>\n\t\t\t\t<\/div>\n\t\t\t\t\t<\/div>\n\t\t<\/div>\n\t\t\t\t\t<\/div>\n\t\t<\/section>\n\t\t\t\t<section class=\"elementor-section elementor-top-section elementor-element elementor-element-bbcf356 elementor-section-boxed elementor-section-height-default elementor-section-height-default\" data-id=\"bbcf356\" data-element_type=\"section\" data-e-type=\"section\">\n\t\t\t\t\t\t<div class=\"elementor-container elementor-column-gap-default\">\n\t\t\t\t\t<div class=\"elementor-column elementor-col-100 elementor-top-column elementor-element elementor-element-2d4ae09\" data-id=\"2d4ae09\" data-element_type=\"column\" data-e-type=\"column\">\n\t\t\t<div class=\"elementor-widget-wrap elementor-element-populated\">\n\t\t\t\t\t\t<div class=\"elementor-element elementor-element-698d262 elementor-widget elementor-widget-gallery\" data-id=\"698d262\" data-element_type=\"widget\" data-e-type=\"widget\" data-settings=\"{&quot;lazyload&quot;:&quot;yes&quot;,&quot;gallery_layout&quot;:&quot;grid&quot;,&quot;columns&quot;:4,&quot;columns_tablet&quot;:2,&quot;columns_mobile&quot;:1,&quot;gap&quot;:{&quot;unit&quot;:&quot;px&quot;,&quot;size&quot;:10,&quot;sizes&quot;:[]},&quot;gap_tablet&quot;:{&quot;unit&quot;:&quot;px&quot;,&quot;size&quot;:10,&quot;sizes&quot;:[]},&quot;gap_mobile&quot;:{&quot;unit&quot;:&quot;px&quot;,&quot;size&quot;:10,&quot;sizes&quot;:[]},&quot;link_to&quot;:&quot;file&quot;,&quot;aspect_ratio&quot;:&quot;3:2&quot;,&quot;overlay_background&quot;:&quot;yes&quot;,&quot;content_hover_animation&quot;:&quot;fade-in&quot;}\" data-widget_type=\"gallery.default\">\n\t\t\t\t<div class=\"elementor-widget-container\">\n\t\t\t\t\t\t\t<div class=\"elementor-gallery__container\">\n\t\t\t\t\t\t\t<a class=\"e-gallery-item elementor-gallery-item elementor-animated-content\" href=\"https:\/\/decorhomebusiness.com\/wp-content\/uploads\/2023\/07\/plastering-repair-restoration-plasterboarding-ayshire-services-ayr-home-business.jpg\" data-elementor-open-lightbox=\"yes\" data-elementor-lightbox-slideshow=\"698d262\" data-elementor-lightbox-title=\"plastering-repair-restoration-plasterboarding-ayshire-services-ayr-home-business\" data-e-action-hash=\"#elementor-action%3Aaction%3Dlightbox%26settings%3DeyJpZCI6MTA2OCwidXJsIjoiaHR0cHM6XC9cL2RlY29yaG9tZWJ1c2luZXNzLmNvbVwvd3AtY29udGVudFwvdXBsb2Fkc1wvMjAyM1wvMDdcL3BsYXN0ZXJpbmctcmVwYWlyLXJlc3RvcmF0aW9uLXBsYXN0ZXJib2FyZGluZy1heXNoaXJlLXNlcnZpY2VzLWF5ci1ob21lLWJ1c2luZXNzLmpwZyIsInNsaWRlc2hvdyI6IjY5OGQyNjIifQ%3D%3D\">\n\t\t\t\t\t<div class=\"e-gallery-image elementor-gallery-item__image\" data-thumbnail=\"https:\/\/decorhomebusiness.com\/wp-content\/uploads\/2023\/07\/plastering-repair-restoration-plasterboarding-ayshire-services-ayr-home-business-300x168.jpg\" data-width=\"300\" data-height=\"168\" aria-label=\"\" role=\"img\" ><\/div>\n\t\t\t\t\t\t\t\t\t\t\t<div class=\"elementor-gallery-item__overlay\"><\/div>\n\t\t\t\t\t\t\t\t\t\t\t\t\t\t<\/a>\n\t\t\t\t\t\t\t<a class=\"e-gallery-item elementor-gallery-item elementor-animated-content\" href=\"https:\/\/decorhomebusiness.com\/wp-content\/uploads\/2023\/07\/plastering-repair-restoration-plasterboarding-ayshire-services-ayr-home-business-2.jpg\" data-elementor-open-lightbox=\"yes\" data-elementor-lightbox-slideshow=\"698d262\" data-elementor-lightbox-title=\"plastering-repair-restoration-plasterboarding-ayshire-services-ayr-home-business-2\" data-e-action-hash=\"#elementor-action%3Aaction%3Dlightbox%26settings%3DeyJpZCI6MTA2OSwidXJsIjoiaHR0cHM6XC9cL2RlY29yaG9tZWJ1c2luZXNzLmNvbVwvd3AtY29udGVudFwvdXBsb2Fkc1wvMjAyM1wvMDdcL3BsYXN0ZXJpbmctcmVwYWlyLXJlc3RvcmF0aW9uLXBsYXN0ZXJib2FyZGluZy1heXNoaXJlLXNlcnZpY2VzLWF5ci1ob21lLWJ1c2luZXNzLTIuanBnIiwic2xpZGVzaG93IjoiNjk4ZDI2MiJ9\">\n\t\t\t\t\t<div class=\"e-gallery-image elementor-gallery-item__image\" data-thumbnail=\"https:\/\/decorhomebusiness.com\/wp-content\/uploads\/2023\/07\/plastering-repair-restoration-plasterboarding-ayshire-services-ayr-home-business-2-300x168.jpg\" data-width=\"300\" data-height=\"168\" aria-label=\"\" role=\"img\" ><\/div>\n\t\t\t\t\t\t\t\t\t\t\t<div class=\"elementor-gallery-item__overlay\"><\/div>\n\t\t\t\t\t\t\t\t\t\t\t\t\t\t<\/a>\n\t\t\t\t\t\t\t<a class=\"e-gallery-item elementor-gallery-item elementor-animated-content\" href=\"https:\/\/decorhomebusiness.com\/wp-content\/uploads\/2023\/07\/plastering-repair-restoration-plasterboarding-ayshire-services-ayr-home-business-3.jpg\" data-elementor-open-lightbox=\"yes\" data-elementor-lightbox-slideshow=\"698d262\" data-elementor-lightbox-title=\"plastering-repair-restoration-plasterboarding-ayshire-services-ayr-home-business-3\" data-e-action-hash=\"#elementor-action%3Aaction%3Dlightbox%26settings%3DeyJpZCI6MTA3MCwidXJsIjoiaHR0cHM6XC9cL2RlY29yaG9tZWJ1c2luZXNzLmNvbVwvd3AtY29udGVudFwvdXBsb2Fkc1wvMjAyM1wvMDdcL3BsYXN0ZXJpbmctcmVwYWlyLXJlc3RvcmF0aW9uLXBsYXN0ZXJib2FyZGluZy1heXNoaXJlLXNlcnZpY2VzLWF5ci1ob21lLWJ1c2luZXNzLTMuanBnIiwic2xpZGVzaG93IjoiNjk4ZDI2MiJ9\">\n\t\t\t\t\t<div class=\"e-gallery-image elementor-gallery-item__image\" data-thumbnail=\"https:\/\/decorhomebusiness.com\/wp-content\/uploads\/2023\/07\/plastering-repair-restoration-plasterboarding-ayshire-services-ayr-home-business-3-300x168.jpg\" data-width=\"300\" data-height=\"168\" aria-label=\"Decoraci\u00f3n del hogar en Ayrshire: pulverizaci\u00f3n sin aire\" role=\"img\" ><\/div>\n\t\t\t\t\t\t\t\t\t\t\t<div class=\"elementor-gallery-item__overlay\"><\/div>\n\t\t\t\t\t\t\t\t\t\t\t\t\t\t<\/a>\n\t\t\t\t\t\t\t<a class=\"e-gallery-item elementor-gallery-item elementor-animated-content\" href=\"https:\/\/decorhomebusiness.com\/wp-content\/uploads\/2023\/07\/plastering-repair-restoration-plasterboarding-ayshire-services-ayr-home-business-4.jpg\" data-elementor-open-lightbox=\"yes\" data-elementor-lightbox-slideshow=\"698d262\" data-elementor-lightbox-title=\"plastering-repair-restoration-plasterboarding-ayshire-services-ayr-home-business-4\" data-e-action-hash=\"#elementor-action%3Aaction%3Dlightbox%26settings%3DeyJpZCI6MTA3MSwidXJsIjoiaHR0cHM6XC9cL2RlY29yaG9tZWJ1c2luZXNzLmNvbVwvd3AtY29udGVudFwvdXBsb2Fkc1wvMjAyM1wvMDdcL3BsYXN0ZXJpbmctcmVwYWlyLXJlc3RvcmF0aW9uLXBsYXN0ZXJib2FyZGluZy1heXNoaXJlLXNlcnZpY2VzLWF5ci1ob21lLWJ1c2luZXNzLTQuanBnIiwic2xpZGVzaG93IjoiNjk4ZDI2MiJ9\">\n\t\t\t\t\t<div class=\"e-gallery-image elementor-gallery-item__image\" data-thumbnail=\"https:\/\/decorhomebusiness.com\/wp-content\/uploads\/2023\/07\/plastering-repair-restoration-plasterboarding-ayshire-services-ayr-home-business-4-300x168.jpg\" data-width=\"300\" data-height=\"168\" aria-label=\"\" role=\"img\" ><\/div>\n\t\t\t\t\t\t\t\t\t\t\t<div class=\"elementor-gallery-item__overlay\"><\/div>\n\t\t\t\t\t\t\t\t\t\t\t\t\t\t<\/a>\n\t\t\t\t\t<\/div>\n\t\t\t\t\t<\/div>\n\t\t\t\t<\/div>\n\t\t\t\t\t<\/div>\n\t\t<\/div>\n\t\t\t\t\t<\/div>\n\t\t<\/section>\n\t\t\t\t<section class=\"elementor-section elementor-top-section elementor-element elementor-element-d954de5 elementor-section-boxed elementor-section-height-default elementor-section-height-default\" data-id=\"d954de5\" data-element_type=\"section\" data-e-type=\"section\">\n\t\t\t\t\t\t<div class=\"elementor-container elementor-column-gap-default\">\n\t\t\t\t\t<div class=\"elementor-column elementor-col-50 elementor-top-column elementor-element elementor-element-354441e\" data-id=\"354441e\" data-element_type=\"column\" data-e-type=\"column\">\n\t\t\t<div class=\"elementor-widget-wrap elementor-element-populated\">\n\t\t\t\t\t\t<div class=\"elementor-element elementor-element-9d0e47b elementor-widget elementor-widget-text-editor\" data-id=\"9d0e47b\" data-element_type=\"widget\" data-e-type=\"widget\" data-widget_type=\"text-editor.default\">\n\t\t\t\t<div class=\"elementor-widget-container\">\n\t\t\t\t\t\t\t\t\t<h2><b>Nuestros Servicios:<\/b><\/h2><ol><li><p><b>Alisado de paredes<\/b>Desde paredes y techos hasta enyesados y enlucidos decorativos, nuestros trabajadores cualificados tienen la experiencia para satisfacer todas sus necesidades de enlucidos. Ofrecemos una amplia gama de t\u00e9cnicas de decoraci\u00f3n con yeso, como enlucido y revestimiento en seco, para brindarle el acabado perfecto para su espacio.<\/p><\/li><li><p><b>Reparaci\u00f3n y restauraci\u00f3n de enlucidos:<\/b> Si sus paredes o techos presentan grietas, agujeros u otros da\u00f1os, nuestro equipo puede repararlos y restaurarlos con maestr\u00eda para que recuperen su esplendor original. Utilizamos t\u00e9cnicas avanzadas para garantizar reparaciones impecables y un acabado impecable.<\/p><\/li><li><p><b>Revestimientos decorativos: <\/b>A\u00f1ada un toque de elegancia y sofisticaci\u00f3n a su espacio con nuestros servicios de decoraci\u00f3n en yeso. Tanto si se trata de cornisas, rosetones o molduras ornamentales elaboradas, nuestros artesanos expertos pueden crear hermosos detalles a medida que realzar\u00e1n el car\u00e1cter de su hogar o negocio.<\/p><\/li><li><p><b>Trabajos en pladur:<\/b> Ofrecemos servicios profesionales de instalaci\u00f3n de placas de pladur para proyectos de obra nueva y renovaci\u00f3n. Nuestro equipo instalar\u00e1 placas de yeso de alta calidad para crear superficies lisas y uniformes, listas para pintar o empapelar.<\/p><\/li><li><p><b>Insonorizaci\u00f3n:<\/b> Si busca mejorar la ac\u00fastica de su espacio, ofrecemos soluciones de insonorizaci\u00f3n con t\u00e9cnicas y materiales de yeser\u00eda especializados. Nuestros servicios de insonorizaci\u00f3n pueden ayudar a reducir la transmisi\u00f3n del ruido, creando un entorno m\u00e1s tranquilo y apacible.<\/p><\/li><\/ol>\t\t\t\t\t\t\t\t<\/div>\n\t\t\t\t<\/div>\n\t\t\t\t\t<\/div>\n\t\t<\/div>\n\t\t\t\t<div class=\"elementor-column elementor-col-50 elementor-top-column elementor-element elementor-element-dc2e8b4\" data-id=\"dc2e8b4\" data-element_type=\"column\" data-e-type=\"column\">\n\t\t\t<div class=\"elementor-widget-wrap elementor-element-populated\">\n\t\t\t\t\t\t<div class=\"elementor-element elementor-element-10f0b39 elementor-widget elementor-widget-text-editor\" data-id=\"10f0b39\" data-element_type=\"widget\" data-e-type=\"widget\" data-widget_type=\"text-editor.default\">\n\t\t\t\t<div class=\"elementor-widget-container\">\n\t\t\t\t\t\t\t\t\t<h2><b>\u00bfPor qu\u00e9 elegirnos?<\/b><\/h2><ol><li><p><b>Profesionalidad y Experiencia:<\/b> Con a\u00f1os de experiencia en la industria de la decoraci\u00f3n en yeso, nuestro equipo de profesionales altamente cualificados cuenta con la experiencia y el conocimiento necesarios para gestionar todos los aspectos de los proyectos de yesero. Nos mantenemos al d\u00eda con las \u00faltimas t\u00e9cnicas y avances del sector para garantizar resultados de la m\u00e1s alta calidad en todo momento.<\/p><\/li><li><p><b>Soluciones personalizadas: <\/b>Entendemos que cada proyecto es \u00fanico y tiene requisitos espec\u00edficos. Por eso, nos tomamos el tiempo de escuchar sus necesidades y conversar sobre su visi\u00f3n. Trabajamos estrechamente con usted para ofrecerle soluciones a medida que se adapten a su estilo, preferencias y presupuesto. Desde acabados tradicionales hasta contempor\u00e1neos, tenemos la experiencia para hacer realidad sus ideas.<\/p><\/li><li><p><b>Artesan\u00eda superior: <\/b>En DecorHome, creemos en la importancia de la atenci\u00f3n al detalle y la precisi\u00f3n en nuestro trabajo. Nos enorgullecemos de nuestra artesan\u00eda y nos aseguramos de que cada superficie est\u00e9 impecablemente enyesada, logrando un acabado liso y uniforme. Nuestra dedicaci\u00f3n a la perfecci\u00f3n se refleja en cada proyecto que emprendemos.<\/p><\/li><li><p><b>Materiales de calidad: <\/b>Creemos en utilizar \u00fanicamente materiales de la m\u00e1s alta calidad para garantizar resultados duraderos. Nos abastecemos de materiales de yeso y pladur de proveedores fiables, lo que nos permite ofrecerle los mejores productos del mercado. Este compromiso con la calidad garantiza que sus superficies de yeso resistir\u00e1n el paso del tiempo.<\/p><\/li><li><p><b>Servicio fiable y eficiente: <\/b>Valoramos su tiempo y comprendemos la importancia de completar los proyectos a tiempo. Nuestro equipo es fiable, puntual y trabaja eficientemente sin comprometer la calidad de nuestro trabajo. Nos esforzamos por cumplir con los plazos y minimizar las interrupciones en su rutina diaria durante el proceso de enyesado.<\/p><\/li><\/ol>\t\t\t\t\t\t\t\t<\/div>\n\t\t\t\t<\/div>\n\t\t\t\t\t<\/div>\n\t\t<\/div>\n\t\t\t\t\t<\/div>\n\t\t<\/section>\n\t\t\t\t<section class=\"elementor-section elementor-top-section elementor-element elementor-element-3ef95ab elementor-section-boxed elementor-section-height-default elementor-section-height-default\" data-id=\"3ef95ab\" data-element_type=\"section\" data-e-type=\"section\">\n\t\t\t\t\t\t<div class=\"elementor-container elementor-column-gap-default\">\n\t\t\t\t\t<div class=\"elementor-column elementor-col-100 elementor-top-column elementor-element elementor-element-52c866f\" data-id=\"52c866f\" data-element_type=\"column\" data-e-type=\"column\">\n\t\t\t<div class=\"elementor-widget-wrap elementor-element-populated\">\n\t\t\t\t\t\t<div class=\"elementor-element elementor-element-10514ff elementor-widget elementor-widget-text-editor\" data-id=\"10514ff\" data-element_type=\"widget\" data-e-type=\"widget\" data-widget_type=\"text-editor.default\">\n\t\t\t\t<div class=\"elementor-widget-container\">\n\t\t\t\t\t\t\t\t\t<p><b>Comun\u00edquese con DecorHome para una consulta gratuita y perm\u00edtanos transformar su espacio con nuestros excepcionales servicios de trabajos en yeso. <br><br>Nos dedicamos a ofrecer una artesan\u00eda excepcional, acabados de primera calidad y una satisfacci\u00f3n del cliente excepcional. Conf\u00ede en nosotros para hacer realidad sus proyectos de yeser\u00eda en M\u00e1laga y alrededores.<\/b><\/p>\t\t\t\t\t\t\t\t<\/div>\n\t\t\t\t<\/div>\n\t\t\t\t\t<\/div>\n\t\t<\/div>\n\t\t\t\t\t<\/div>\n\t\t<\/section>\n\t\t\t\t<\/div>","protected":false},"excerpt":{"rendered":"<p>Decor Home Plastering Ayrshire Welcome to Decor Home &amp; Business, the leading plastering specialists in Ayrshire, Scotland. With our expert craftsmanship and commitment to excellence, we take pride in transforming your space into a masterpiece. Whether you need plastering services for your home or business, our skilled team is here to deliver impeccable results that [&hellip;]<\/p>\n","protected":false},"author":4,"featured_media":0,"parent":0,"menu_order":0,"comment_status":"closed","ping_status":"closed","template":"elementor_header_footer","meta":{"_monsterinsights_skip_tracking":false,"_monsterinsights_sitenote_active":false,"_monsterinsights_sitenote_note":"","_monsterinsights_sitenote_category":0,"_uf_show_specific_survey":0,"_uf_disable_surveys":false,"footnotes":""},"class_list":["post-583","page","type-page","status-publish","hentry","entry"],"_links":{"self":[{"href":"https:\/\/decorhomebusiness.com\/es\/wp-json\/wp\/v2\/pages\/583","targetHints":{"allow":["GET"]}}],"collection":[{"href":"https:\/\/decorhomebusiness.com\/es\/wp-json\/wp\/v2\/pages"}],"about":[{"href":"https:\/\/decorhomebusiness.com\/es\/wp-json\/wp\/v2\/types\/page"}],"author":[{"embeddable":true,"href":"https:\/\/decorhomebusiness.com\/es\/wp-json\/wp\/v2\/users\/4"}],"replies":[{"embeddable":true,"href":"https:\/\/decorhomebusiness.com\/es\/wp-json\/wp\/v2\/comments?post=583"}],"version-history":[{"count":0,"href":"https:\/\/decorhomebusiness.com\/es\/wp-json\/wp\/v2\/pages\/583\/revisions"}],"wp:attachment":[{"href":"https:\/\/decorhomebusiness.com\/es\/wp-json\/wp\/v2\/media?parent=583"}],"curies":[{"name":"gracias","href":"https:\/\/api.w.org\/{rel}","templated":true}]}}