{"id":581,"date":"2023-05-15T09:42:34","date_gmt":"2023-05-15T09:42:34","guid":{"rendered":"https:\/\/decorhomebusiness.com\/?page_id=581"},"modified":"2025-01-18T15:50:50","modified_gmt":"2025-01-18T15:50:50","slug":"pintura-y-decoracion-en-malaga","status":"publish","type":"page","link":"https:\/\/decorhomebusiness.com\/es\/pintura-y-decoracion-en-malaga\/","title":{"rendered":"Pintura y decoraci\u00f3n en Malaga"},"content":{"rendered":"<div data-elementor-type=\"wp-page\" data-elementor-id=\"581\" class=\"elementor elementor-581\" data-elementor-post-type=\"page\">\n\t\t\t\t\t\t<section class=\"elementor-section elementor-top-section elementor-element elementor-element-e671e2f elementor-section-boxed elementor-section-height-default elementor-section-height-default\" data-id=\"e671e2f\" data-element_type=\"section\" data-e-type=\"section\">\n\t\t\t\t\t\t<div class=\"elementor-container elementor-column-gap-default\">\n\t\t\t\t\t<div class=\"elementor-column elementor-col-100 elementor-top-column elementor-element elementor-element-344746b\" data-id=\"344746b\" data-element_type=\"column\" data-e-type=\"column\">\n\t\t\t<div class=\"elementor-widget-wrap elementor-element-populated\">\n\t\t\t\t\t\t<div class=\"elementor-element elementor-element-2517968 elementor-widget elementor-widget-heading\" data-id=\"2517968\" data-element_type=\"widget\" data-e-type=\"widget\" data-widget_type=\"heading.default\">\n\t\t\t\t<div class=\"elementor-widget-container\">\n\t\t\t\t\t<h2 class=\"elementor-heading-title elementor-size-default\"><h1 class=\"elementor-heading-title elementor-size-default elementor-inline-editing pen\" data-elementor-setting-key=\"title\" data-pen-placeholder=\"Type Here...\" style=\"line-height: 1.1em;font-family: Manrope, sans-serif;font-size: 70px;font-style: normal;color: var( --e-global-color-primary )\">DecorHome <br>Pintura y decoraci\u00f3n en M\u00e1laga y alrededores<\/h1><\/h2>\t\t\t\t<\/div>\n\t\t\t\t<\/div>\n\t\t\t\t\t<\/div>\n\t\t<\/div>\n\t\t\t\t\t<\/div>\n\t\t<\/section>\n\t\t\t\t<section class=\"elementor-section elementor-top-section elementor-element elementor-element-46fb53a elementor-section-boxed elementor-section-height-default elementor-section-height-default\" data-id=\"46fb53a\" data-element_type=\"section\" data-e-type=\"section\">\n\t\t\t\t\t\t<div class=\"elementor-container elementor-column-gap-default\">\n\t\t\t\t\t<div class=\"elementor-column elementor-col-100 elementor-top-column elementor-element elementor-element-9f743d1\" data-id=\"9f743d1\" data-element_type=\"column\" data-e-type=\"column\">\n\t\t\t<div class=\"elementor-widget-wrap elementor-element-populated\">\n\t\t\t\t\t\t<div class=\"elementor-element elementor-element-46c83c1 elementor-widget elementor-widget-heading\" data-id=\"46c83c1\" data-element_type=\"widget\" data-e-type=\"widget\" data-widget_type=\"heading.default\">\n\t\t\t\t<div class=\"elementor-widget-container\">\n\t\t\t\t\t<h1 class=\"elementor-heading-title elementor-size-default\"><h2><span style=\"font-size: 16px;font-style: normal\">Bienvenido a Decor Home &amp; Business, sus expertos en pintura y decoraci\u00f3n en M\u00e1laga<\/span><\/h2><span style=\"font-weight: bold;font-size: 16px;font-style: normal\">Con pasi\u00f3n por transformar espacios y dedicaci\u00f3n a la artesan\u00eda excepcional, estamos aqu\u00ed para hacer realidad su visi\u00f3n. Tanto si necesita una nueva capa de pintura para su hogar como si quiere mejorar el ambiente de su negocio, nuestro equipo de expertos est\u00e1 listo para ofrecer resultados excepcionales que superar\u00e1n sus expectativas.<\/span><\/h1>\t\t\t\t<\/div>\n\t\t\t\t<\/div>\n\t\t\t\t\t<\/div>\n\t\t<\/div>\n\t\t\t\t\t<\/div>\n\t\t<\/section>\n\t\t\t\t<section class=\"elementor-section elementor-top-section elementor-element elementor-element-98a743a elementor-section-stretched elementor-section-boxed elementor-section-height-default elementor-section-height-default\" data-id=\"98a743a\" data-element_type=\"section\" data-e-type=\"section\" data-settings=\"{&quot;stretch_section&quot;:&quot;section-stretched&quot;}\">\n\t\t\t\t\t\t<div class=\"elementor-container elementor-column-gap-default\">\n\t\t\t\t\t<div class=\"elementor-column elementor-col-100 elementor-top-column elementor-element elementor-element-5b4944a\" data-id=\"5b4944a\" data-element_type=\"column\" data-e-type=\"column\">\n\t\t\t<div class=\"elementor-widget-wrap elementor-element-populated\">\n\t\t\t\t\t\t<div class=\"elementor-element elementor-element-70c355a elementor-widget elementor-widget-gallery\" data-id=\"70c355a\" data-element_type=\"widget\" data-e-type=\"widget\" data-settings=\"{&quot;lazyload&quot;:&quot;yes&quot;,&quot;gallery_layout&quot;:&quot;grid&quot;,&quot;columns&quot;:4,&quot;columns_tablet&quot;:2,&quot;columns_mobile&quot;:1,&quot;gap&quot;:{&quot;unit&quot;:&quot;px&quot;,&quot;size&quot;:10,&quot;sizes&quot;:[]},&quot;gap_tablet&quot;:{&quot;unit&quot;:&quot;px&quot;,&quot;size&quot;:10,&quot;sizes&quot;:[]},&quot;gap_mobile&quot;:{&quot;unit&quot;:&quot;px&quot;,&quot;size&quot;:10,&quot;sizes&quot;:[]},&quot;link_to&quot;:&quot;file&quot;,&quot;aspect_ratio&quot;:&quot;3:2&quot;,&quot;overlay_background&quot;:&quot;yes&quot;,&quot;content_hover_animation&quot;:&quot;fade-in&quot;}\" data-widget_type=\"gallery.default\">\n\t\t\t\t<div class=\"elementor-widget-container\">\n\t\t\t\t\t\t\t<div class=\"elementor-gallery__container\">\n\t\t\t\t\t\t\t<a class=\"e-gallery-item elementor-gallery-item elementor-animated-content\" href=\"https:\/\/decorhomebusiness.com\/wp-content\/uploads\/2023\/07\/painting-decorating-ayshire-services-ayr-home-business-livingroom-2.jpg\" data-elementor-open-lightbox=\"yes\" data-elementor-lightbox-slideshow=\"70c355a\" data-elementor-lightbox-title=\"painting-decorating-ayshire-services-ayr-home-business-livingroom-2\" data-e-action-hash=\"#elementor-action%3Aaction%3Dlightbox%26settings%3DeyJpZCI6MTA2NCwidXJsIjoiaHR0cHM6XC9cL2RlY29yaG9tZWJ1c2luZXNzLmNvbVwvd3AtY29udGVudFwvdXBsb2Fkc1wvMjAyM1wvMDdcL3BhaW50aW5nLWRlY29yYXRpbmctYXlzaGlyZS1zZXJ2aWNlcy1heXItaG9tZS1idXNpbmVzcy1saXZpbmdyb29tLTIuanBnIiwic2xpZGVzaG93IjoiNzBjMzU1YSJ9\">\n\t\t\t\t\t<div class=\"e-gallery-image elementor-gallery-item__image\" data-thumbnail=\"https:\/\/decorhomebusiness.com\/wp-content\/uploads\/2023\/07\/painting-decorating-ayshire-services-ayr-home-business-livingroom-2-300x168.jpg\" data-width=\"300\" data-height=\"168\" aria-label=\"\" role=\"img\" ><\/div>\n\t\t\t\t\t\t\t\t\t\t\t<div class=\"elementor-gallery-item__overlay\"><\/div>\n\t\t\t\t\t\t\t\t\t\t\t\t\t\t<\/a>\n\t\t\t\t\t\t\t<a class=\"e-gallery-item elementor-gallery-item elementor-animated-content\" href=\"https:\/\/decorhomebusiness.com\/wp-content\/uploads\/2023\/07\/painting-decorating-ayshire-services-ayr-home-business-livingroom-1.jpg\" data-elementor-open-lightbox=\"yes\" data-elementor-lightbox-slideshow=\"70c355a\" data-elementor-lightbox-title=\"painting-decorating-ayshire-services-ayr-home-business-livingroom-1\" data-e-action-hash=\"#elementor-action%3Aaction%3Dlightbox%26settings%3DeyJpZCI6MTA2MywidXJsIjoiaHR0cHM6XC9cL2RlY29yaG9tZWJ1c2luZXNzLmNvbVwvd3AtY29udGVudFwvdXBsb2Fkc1wvMjAyM1wvMDdcL3BhaW50aW5nLWRlY29yYXRpbmctYXlzaGlyZS1zZXJ2aWNlcy1heXItaG9tZS1idXNpbmVzcy1saXZpbmdyb29tLTEuanBnIiwic2xpZGVzaG93IjoiNzBjMzU1YSJ9\">\n\t\t\t\t\t<div class=\"e-gallery-image elementor-gallery-item__image\" data-thumbnail=\"https:\/\/decorhomebusiness.com\/wp-content\/uploads\/2023\/07\/painting-decorating-ayshire-services-ayr-home-business-livingroom-1-300x168.jpg\" data-width=\"300\" data-height=\"168\" aria-label=\"\" role=\"img\" ><\/div>\n\t\t\t\t\t\t\t\t\t\t\t<div class=\"elementor-gallery-item__overlay\"><\/div>\n\t\t\t\t\t\t\t\t\t\t\t\t\t\t<\/a>\n\t\t\t\t\t\t\t<a class=\"e-gallery-item elementor-gallery-item elementor-animated-content\" href=\"https:\/\/decorhomebusiness.com\/wp-content\/uploads\/2023\/07\/painting-decorating-ayshire-services-ayr-home-business-bedrrom-1.jpg\" data-elementor-open-lightbox=\"yes\" data-elementor-lightbox-slideshow=\"70c355a\" data-elementor-lightbox-title=\"painting-decorating-ayshire-services-ayr-home-business-bedrrom-1\" data-e-action-hash=\"#elementor-action%3Aaction%3Dlightbox%26settings%3DeyJpZCI6MTA2MiwidXJsIjoiaHR0cHM6XC9cL2RlY29yaG9tZWJ1c2luZXNzLmNvbVwvd3AtY29udGVudFwvdXBsb2Fkc1wvMjAyM1wvMDdcL3BhaW50aW5nLWRlY29yYXRpbmctYXlzaGlyZS1zZXJ2aWNlcy1heXItaG9tZS1idXNpbmVzcy1iZWRycm9tLTEuanBnIiwic2xpZGVzaG93IjoiNzBjMzU1YSJ9\">\n\t\t\t\t\t<div class=\"e-gallery-image elementor-gallery-item__image\" data-thumbnail=\"https:\/\/decorhomebusiness.com\/wp-content\/uploads\/2023\/07\/painting-decorating-ayshire-services-ayr-home-business-bedrrom-1-300x168.jpg\" data-width=\"300\" data-height=\"168\" aria-label=\"\" role=\"img\" ><\/div>\n\t\t\t\t\t\t\t\t\t\t\t<div class=\"elementor-gallery-item__overlay\"><\/div>\n\t\t\t\t\t\t\t\t\t\t\t\t\t\t<\/a>\n\t\t\t\t\t\t\t<a class=\"e-gallery-item elementor-gallery-item elementor-animated-content\" href=\"https:\/\/decorhomebusiness.com\/wp-content\/uploads\/2023\/07\/painting-decorating-ayshire-services-ayr-home-business.jpg\" data-elementor-open-lightbox=\"yes\" data-elementor-lightbox-slideshow=\"70c355a\" data-elementor-lightbox-title=\"painting-decorating-ayshire-services-ayr-home-business\" data-e-action-hash=\"#elementor-action%3Aaction%3Dlightbox%26settings%3DeyJpZCI6MTA2MSwidXJsIjoiaHR0cHM6XC9cL2RlY29yaG9tZWJ1c2luZXNzLmNvbVwvd3AtY29udGVudFwvdXBsb2Fkc1wvMjAyM1wvMDdcL3BhaW50aW5nLWRlY29yYXRpbmctYXlzaGlyZS1zZXJ2aWNlcy1heXItaG9tZS1idXNpbmVzcy5qcGciLCJzbGlkZXNob3ciOiI3MGMzNTVhIn0%3D\">\n\t\t\t\t\t<div class=\"e-gallery-image elementor-gallery-item__image\" data-thumbnail=\"https:\/\/decorhomebusiness.com\/wp-content\/uploads\/2023\/07\/painting-decorating-ayshire-services-ayr-home-business-300x168.jpg\" data-width=\"300\" data-height=\"168\" aria-label=\"\" role=\"img\" ><\/div>\n\t\t\t\t\t\t\t\t\t\t\t<div class=\"elementor-gallery-item__overlay\"><\/div>\n\t\t\t\t\t\t\t\t\t\t\t\t\t\t<\/a>\n\t\t\t\t\t<\/div>\n\t\t\t\t\t<\/div>\n\t\t\t\t<\/div>\n\t\t\t\t\t<\/div>\n\t\t<\/div>\n\t\t\t\t\t<\/div>\n\t\t<\/section>\n\t\t\t\t<section class=\"elementor-section elementor-top-section elementor-element elementor-element-b64c4af elementor-section-boxed elementor-section-height-default elementor-section-height-default\" data-id=\"b64c4af\" data-element_type=\"section\" data-e-type=\"section\">\n\t\t\t\t\t\t<div class=\"elementor-container elementor-column-gap-default\">\n\t\t\t\t\t<div class=\"elementor-column elementor-col-50 elementor-top-column elementor-element elementor-element-00be0f8\" data-id=\"00be0f8\" data-element_type=\"column\" data-e-type=\"column\">\n\t\t\t<div class=\"elementor-widget-wrap elementor-element-populated\">\n\t\t\t\t\t\t<div class=\"elementor-element elementor-element-108f214 elementor-widget elementor-widget-text-editor\" data-id=\"108f214\" data-element_type=\"widget\" data-e-type=\"widget\" data-widget_type=\"text-editor.default\">\n\t\t\t\t<div class=\"elementor-widget-container\">\n\t\t\t\t\t\t\t\t\t<h3><b>Pintores en M\u00e1laga. Nuestros servicios de pintura y decoraci\u00f3n:<\/b><\/h3><ol><li><p><b>Pintura interior:<\/b> Nos especializamos en transformar el interior de su hogar o negocio. Tanto si busca una apariencia vibrante y contempor\u00e1nea como un ambiente cl\u00e1sico y relajante, nuestros pintores expertos le brindar\u00e1n resultados excepcionales que revitalizar\u00e1n su espacio.<\/p><\/li><li><p><b>Pintura exterior: <\/b>Dale a tu propiedad una apariencia fresca y atractiva con nuestros servicios de pintura exterior. Utilizamos pinturas y recubrimientos resistentes a la intemperie que protegen tu propiedad de las inclemencias del tiempo, a la vez que realzan su atractivo y valor.<\/p><\/li><li><p><b>Instalaci\u00f3n de papel pintado:<\/b> A\u00f1ade textura, estampados y personalidad a tus paredes con nuestro servicio profesional de instalaci\u00f3n de papel pintado. Desde dise\u00f1os tradicionales hasta tendencias modernas, garantizamos medidas precisas y una instalaci\u00f3n impecable para un resultado espectacular y duradero.<\/p><\/li><li><p><b>Acabados decorativos: <\/b>Realce su espacio con nuestros acabados decorativos que a\u00f1aden un toque de elegancia y singularidad. Tanto si busca paredes texturizadas, acabados de imitaci\u00f3n como impresiones personalizadas, nuestro equipo de expertos puede crear efectos hermosos y \u00fanicos que realmente marcan la diferencia.<\/p><\/li><li><p><b>Pintura comercial: <\/b>Atendemos a empresas de todos los tama\u00f1os, ofreciendo servicios integrales de pintura y decoraci\u00f3n que realzan el ambiente profesional de su espacio comercial. Desde oficinas y tiendas minoristas hasta restaurantes y hoteles, entendemos la importancia de crear un ambiente acogedor que refleje la identidad de su marca.<\/p><\/li><\/ol><p>\u00a0<\/p>\t\t\t\t\t\t\t\t<\/div>\n\t\t\t\t<\/div>\n\t\t\t\t\t<\/div>\n\t\t<\/div>\n\t\t\t\t<div class=\"elementor-column elementor-col-50 elementor-top-column elementor-element elementor-element-42a87be\" data-id=\"42a87be\" data-element_type=\"column\" data-e-type=\"column\">\n\t\t\t<div class=\"elementor-widget-wrap elementor-element-populated\">\n\t\t\t\t\t\t<div class=\"elementor-element elementor-element-ef95684 elementor-widget elementor-widget-text-editor\" data-id=\"ef95684\" data-element_type=\"widget\" data-e-type=\"widget\" data-widget_type=\"text-editor.default\">\n\t\t\t\t<div class=\"elementor-widget-container\">\n\t\t\t\t\t\t\t\t\t<h3><b>Decoradores en M\u00e1laga. \u00bfPor qu\u00e9 elegirnos?<\/b><\/h3>\n<ol>\n<li>\n<p><b>Experiencia y conocimientos: <\/b>Con a\u00f1os de experiencia en la industria, nuestro equipo de pintores y decoradores profesionales posee las habilidades y la experiencia necesarias para gestionar proyectos de cualquier tama\u00f1o y complejidad. Nos mantenemos al d\u00eda con las \u00faltimas tendencias, t\u00e9cnicas y productos, garantizando un servicio de la m\u00e1s alta calidad en todo momento.<\/p>\n<\/li>\n<li>\n<p><b>Soluciones personalizadas: <\/b>Entendemos que cada cliente tiene necesidades y preferencias \u00fanicas. Por eso, nos tomamos el tiempo de escuchar sus ideas, conversar sobre sus objetivos y ofrecer soluciones a medida que se adapten a sus necesidades espec\u00edficas. Desde la selecci\u00f3n de colores hasta las opciones de acabado, trabajamos estrechamente con usted para crear un plan personalizado que refleje su estilo y realce su espacio.<\/p>\n<\/li>\n<li>\n<p><b>Materiales de calidad:<\/b> En DecorHome, creemos que la calidad empieza con el uso de los mejores materiales. Nos asociamos con proveedores de confianza y solo utilizamos pinturas, revestimientos y productos de decoraci\u00f3n de primera calidad. Esto garantiza no solo un acabado espectacular, sino tambi\u00e9n durabilidad y longevidad, haciendo que su inversi\u00f3n valga la pena.<\/p>\n<\/li>\n<li>\n<p><b>Atenci\u00f3n al detalle:<\/b> Nos apasiona nuestro oficio y prestamos una atenci\u00f3n meticulosa al detalle en cada proyecto que emprendemos. Ya sea preparando superficies, garantizando l\u00edneas limpias o ejecutando acabados decorativos intrincados, nuestro equipo se compromete a ofrecer resultados impecables que demuestren nuestro compromiso con la excelencia.<\/p>\n<\/li>\n<li>\n<p><b>Fiabilidad y profesionalidad: <\/b>Entendemos la importancia de la fiabilidad y el profesionalismo en sus necesidades de pintura y decoraci\u00f3n. Nuestro equipo es puntual, respetuoso con su propiedad y trabaja eficientemente para cumplir con los plazos sin comprometer la calidad. Nos esforzamos por brindar una experiencia fluida y sin estr\u00e9s a cada cliente.<\/p>\n<\/li>\n<\/ol>ella\t\t\t\t\t\t\t\t<\/div>\n\t\t\t\t<\/div>\n\t\t\t\t\t<\/div>\n\t\t<\/div>\n\t\t\t\t\t<\/div>\n\t\t<\/section>\n\t\t\t\t<section class=\"elementor-section elementor-top-section elementor-element elementor-element-fe04c9f elementor-section-boxed elementor-section-height-default elementor-section-height-default\" data-id=\"fe04c9f\" data-element_type=\"section\" data-e-type=\"section\">\n\t\t\t\t\t\t<div class=\"elementor-container elementor-column-gap-default\">\n\t\t\t\t\t<div class=\"elementor-column elementor-col-100 elementor-top-column elementor-element elementor-element-3b4f43f\" data-id=\"3b4f43f\" data-element_type=\"column\" data-e-type=\"column\">\n\t\t\t<div class=\"elementor-widget-wrap elementor-element-populated\">\n\t\t\t\t\t\t<div class=\"elementor-element elementor-element-022b3d1 elementor-widget elementor-widget-text-editor\" data-id=\"022b3d1\" data-element_type=\"widget\" data-e-type=\"widget\" data-widget_type=\"text-editor.default\">\n\t\t\t\t<div class=\"elementor-widget-container\">\n\t\t\t\t\t\t\t\t\t<p><b>Contacte con DecorHome para una consulta gratuita y perm\u00edtanos darle vida a sus ideas de pintura y decoraci\u00f3n. <br \/><br \/>Ya sea un proyecto residencial o comercial, nuestro equipo se compromete a brindar un servicio excepcional, una artesan\u00eda excepcional y la satisfacci\u00f3n del cliente. Conf\u00ede en nosotros para transformar su espacio en una obra de arte en M\u00e1laga.<\/b><\/p>\t\t\t\t\t\t\t\t<\/div>\n\t\t\t\t<\/div>\n\t\t\t\t\t<\/div>\n\t\t<\/div>\n\t\t\t\t\t<\/div>\n\t\t<\/section>\n\t\t\t\t<section class=\"elementor-section elementor-top-section elementor-element elementor-element-67abcec elementor-section-boxed elementor-section-height-default elementor-section-height-default\" data-id=\"67abcec\" data-element_type=\"section\" data-e-type=\"section\">\n\t\t\t\t\t\t<div class=\"elementor-container elementor-column-gap-default\">\n\t\t\t\t\t<div class=\"elementor-column elementor-col-100 elementor-top-column elementor-element elementor-element-38fb49e\" data-id=\"38fb49e\" data-element_type=\"column\" data-e-type=\"column\">\n\t\t\t<div class=\"elementor-widget-wrap elementor-element-populated\">\n\t\t\t\t\t\t<section class=\"elementor-section elementor-inner-section elementor-element elementor-element-f86100e elementor-section-boxed elementor-section-height-default elementor-section-height-default\" data-id=\"f86100e\" data-element_type=\"section\" data-e-type=\"section\">\n\t\t\t\t\t\t<div class=\"elementor-container elementor-column-gap-default\">\n\t\t\t\t\t<div class=\"elementor-column elementor-col-50 elementor-inner-column elementor-element elementor-element-7cd740b\" data-id=\"7cd740b\" data-element_type=\"column\" data-e-type=\"column\">\n\t\t\t<div class=\"elementor-widget-wrap\">\n\t\t\t\t\t\t\t<\/div>\n\t\t<\/div>\n\t\t\t\t<div class=\"elementor-column elementor-col-50 elementor-inner-column elementor-element elementor-element-0de838e\" data-id=\"0de838e\" data-element_type=\"column\" data-e-type=\"column\">\n\t\t\t<div class=\"elementor-widget-wrap\">\n\t\t\t\t\t\t\t<\/div>\n\t\t<\/div>\n\t\t\t\t\t<\/div>\n\t\t<\/section>\n\t\t\t\t\t<\/div>\n\t\t<\/div>\n\t\t\t\t\t<\/div>\n\t\t<\/section>\n\t\t\t\t<\/div>","protected":false},"excerpt":{"rendered":"<p>Decor Home Painting &amp; Decorating in Ayrshire Welcome to Decor Home &amp; Business, your go-to painting and decorating experts in Ayrshire, Scotland. With a passion for transforming spaces and a dedication to exceptional craftsmanship, we are here to make your vision a reality. Whether you need a fresh coat of paint for your home or [&hellip;]<\/p>\n","protected":false},"author":4,"featured_media":0,"parent":0,"menu_order":0,"comment_status":"closed","ping_status":"closed","template":"elementor_header_footer","meta":{"_monsterinsights_skip_tracking":false,"_monsterinsights_sitenote_active":false,"_monsterinsights_sitenote_note":"","_monsterinsights_sitenote_category":0,"_uf_show_specific_survey":0,"_uf_disable_surveys":false,"footnotes":""},"class_list":["post-581","page","type-page","status-publish","hentry","entry"],"_links":{"self":[{"href":"https:\/\/decorhomebusiness.com\/es\/wp-json\/wp\/v2\/pages\/581","targetHints":{"allow":["GET"]}}],"collection":[{"href":"https:\/\/decorhomebusiness.com\/es\/wp-json\/wp\/v2\/pages"}],"about":[{"href":"https:\/\/decorhomebusiness.com\/es\/wp-json\/wp\/v2\/types\/page"}],"author":[{"embeddable":true,"href":"https:\/\/decorhomebusiness.com\/es\/wp-json\/wp\/v2\/users\/4"}],"replies":[{"embeddable":true,"href":"https:\/\/decorhomebusiness.com\/es\/wp-json\/wp\/v2\/comments?post=581"}],"version-history":[{"count":3,"href":"https:\/\/decorhomebusiness.com\/es\/wp-json\/wp\/v2\/pages\/581\/revisions"}],"predecessor-version":[{"id":1743,"href":"https:\/\/decorhomebusiness.com\/es\/wp-json\/wp\/v2\/pages\/581\/revisions\/1743"}],"wp:attachment":[{"href":"https:\/\/decorhomebusiness.com\/es\/wp-json\/wp\/v2\/media?parent=581"}],"curies":[{"name":"gracias","href":"https:\/\/api.w.org\/{rel}","templated":true}]}}