{"id":1589,"date":"2025-01-12T20:19:21","date_gmt":"2025-01-12T20:19:21","guid":{"rendered":"https:\/\/decorhomebusiness.com\/?page_id=1589"},"modified":"2026-02-22T19:45:09","modified_gmt":"2026-02-22T19:45:09","slug":"pintor-velez-malaga","status":"publish","type":"page","link":"https:\/\/decorhomebusiness.com\/es\/pintor-velez-malaga\/","title":{"rendered":"pintor-troon"},"content":{"rendered":"<div data-elementor-type=\"wp-page\" data-elementor-id=\"1589\" class=\"elementor elementor-1589\" data-elementor-post-type=\"page\">\n\t\t\t\t\t\t<section class=\"elementor-section elementor-top-section elementor-element elementor-element-36c19480 elementor-section-boxed elementor-section-height-default elementor-section-height-default\" data-id=\"36c19480\" data-element_type=\"section\" data-e-type=\"section\" data-settings=\"{&quot;background_background&quot;:&quot;classic&quot;}\">\n\t\t\t\t\t\t<div class=\"elementor-container elementor-column-gap-default\">\n\t\t\t\t\t<div class=\"elementor-column elementor-col-100 elementor-top-column elementor-element elementor-element-6cef6cc6\" data-id=\"6cef6cc6\" data-element_type=\"column\" data-e-type=\"column\">\n\t\t\t<div class=\"elementor-widget-wrap elementor-element-populated\">\n\t\t\t\t\t\t<div class=\"elementor-element elementor-element-5614e57a animated-fast elementor-invisible elementor-widget elementor-widget-heading\" data-id=\"5614e57a\" data-element_type=\"widget\" data-e-type=\"widget\" data-settings=\"{&quot;_animation&quot;:&quot;fadeInUp&quot;}\" data-widget_type=\"heading.default\">\n\t\t\t\t<div class=\"elementor-widget-container\">\n\t\t\t\t\t<h1 class=\"elementor-heading-title elementor-size-default\">DecorHome<br> Pintor, decorador y enyesador en Velez-M\u00e1laga<\/h1>\t\t\t\t<\/div>\n\t\t\t\t<\/div>\n\t\t\t\t<div class=\"elementor-element elementor-element-bf0c3c9 elementor-widget elementor-widget-text-editor\" data-id=\"bf0c3c9\" data-element_type=\"widget\" data-e-type=\"widget\" data-widget_type=\"text-editor.default\">\n\t\t\t\t<div class=\"elementor-widget-container\">\n\t\t\t\t\t\t\t\t\t<p>Para su hogar y negocio: cubriendo toda el \u00e1rea de Velez-M\u00e1laga<\/p><p>\u00a0<\/p><p>\u00a0<\/p>\t\t\t\t\t\t\t\t<\/div>\n\t\t\t\t<\/div>\n\t\t\t\t<div class=\"elementor-element elementor-element-6faadd23 elementor-align-left animated-fast elementor-invisible elementor-widget elementor-widget-button\" data-id=\"6faadd23\" data-element_type=\"widget\" data-e-type=\"widget\" data-settings=\"{&quot;_animation&quot;:&quot;fadeInUp&quot;}\" data-widget_type=\"button.default\">\n\t\t\t\t<div class=\"elementor-widget-container\">\n\t\t\t\t\t\t\t\t\t<div class=\"elementor-button-wrapper\">\n\t\t\t\t\t<a class=\"elementor-button elementor-button-link elementor-size-sm\" href=\"https:\/\/decorhomebusiness.com\/es\/#contact\">\n\t\t\t\t\t\t<span class=\"elementor-button-content-wrapper\">\n\t\t\t\t\t\t<span class=\"elementor-button-icon\">\n\t\t\t\t<i aria-hidden=\"true\" class=\"fas fa-angle-double-right\"><\/i>\t\t\t<\/span>\n\t\t\t\t\t\t\t\t\t<span class=\"elementor-button-text\">Obtenga un presupuesto gratuito<\/span>\n\t\t\t\t\t<\/span>\n\t\t\t\t\t<\/a>\n\t\t\t\t<\/div>\n\t\t\t\t\t\t\t\t<\/div>\n\t\t\t\t<\/div>\n\t\t\t\t\t<\/div>\n\t\t<\/div>\n\t\t\t\t\t<\/div>\n\t\t<\/section>\n\t\t\t\t<section class=\"elementor-section elementor-top-section elementor-element elementor-element-0aff8ea elementor-section-boxed elementor-section-height-default elementor-section-height-default\" data-id=\"0aff8ea\" data-element_type=\"section\" data-e-type=\"section\">\n\t\t\t\t\t\t<div class=\"elementor-container elementor-column-gap-default\">\n\t\t\t\t\t<div class=\"elementor-column elementor-col-100 elementor-top-column elementor-element elementor-element-1cfbd98\" data-id=\"1cfbd98\" data-element_type=\"column\" data-e-type=\"column\">\n\t\t\t<div class=\"elementor-widget-wrap elementor-element-populated\">\n\t\t\t\t\t\t<div class=\"elementor-element elementor-element-2bb9f5a elementor-widget elementor-widget-heading\" data-id=\"2bb9f5a\" data-element_type=\"widget\" data-e-type=\"widget\" data-widget_type=\"heading.default\">\n\t\t\t\t<div class=\"elementor-widget-container\">\n\t\t\t\t\t<h2 class=\"elementor-heading-title elementor-size-default\">Pintura, decoraci\u00f3n y enyesado en Velez-M\u00e1laga:<br><\/h2>\t\t\t\t<\/div>\n\t\t\t\t<\/div>\n\t\t\t\t<div class=\"elementor-element elementor-element-e972f66 elementor-widget elementor-widget-text-editor\" data-id=\"e972f66\" data-element_type=\"widget\" data-e-type=\"widget\" data-widget_type=\"text-editor.default\">\n\t\t\t\t<div class=\"elementor-widget-container\">\n\t\t\t\t\t\t\t\t\t<div data-elementor-type=\"wp-page\" data-elementor-id=\"1585\" data-elementor-title=\"P\u00e1gina\" data-elementor-post-type=\"page\"><div><section data-id=\"8c58651\" data-element_type=\"section\" data-model-cid=\"c44\"><div><div data-id=\"89ede5c\" data-element_type=\"column\" data-model-cid=\"c45\" data-col=\"100\"><div><div data-id=\"b46f5be\" data-element_type=\"widget\" data-model-cid=\"c46\" data-widget_type=\"text-editor.default\"><div><div contenteditable=\"true\" data-elementor-setting-key=\"editor\" data-elementor-inline-editing-toolbar=\"advanced\" data-pen-placeholder=\"Teclea aqu\u00ed...\"><div><p style=\"text-align: left;\">DecorHome lleva m\u00e1s de 20 a\u00f1os ofreciendo a Velez-M\u00e1laga y alrededores servicios de decoraci\u00f3n garantizados y de alta calidad para hogares y negocios. Nuestro experimentado equipo se especializa en pintura de interiores y exteriores, enyesado, empapelado, ebanister\u00eda, revestimiento de paredes, pisos y mucho m\u00e1s.<\/p><ul data-wow-delay=\"0.4s\"><li>Pintura interior\/exterior<\/li><li>Alisado de paredes<\/li><li>Empapelado<\/li><li>Trabajos de carpinter\u00eda<\/li><li>Revestimiento de paredes<\/li><li>Trabajos de carpinter\u00eda<\/li><li>Instalaci\u00f3n de vinilo<\/li><li>Pisos y mucho m\u00e1s\u2026<\/li><\/ul><p>\u00a0<\/p><\/div><\/div><\/div><\/div><\/div><\/div><\/div><\/section><\/div><\/div>\t\t\t\t\t\t\t\t<\/div>\n\t\t\t\t<\/div>\n\t\t\t\t\t<\/div>\n\t\t<\/div>\n\t\t\t\t\t<\/div>\n\t\t<\/section>\n\t\t\t\t<section class=\"elementor-section elementor-top-section elementor-element elementor-element-8c58651 elementor-section-full_width elementor-section-height-default elementor-section-height-default\" data-id=\"8c58651\" data-element_type=\"section\" data-e-type=\"section\">\n\t\t\t\t\t\t<div class=\"elementor-container elementor-column-gap-no\">\n\t\t\t\t\t<div class=\"elementor-column elementor-col-100 elementor-top-column elementor-element elementor-element-89ede5c\" data-id=\"89ede5c\" data-element_type=\"column\" data-e-type=\"column\">\n\t\t\t<div class=\"elementor-widget-wrap elementor-element-populated\">\n\t\t\t\t\t\t<div class=\"elementor-element elementor-element-3426e0b elementor-widget elementor-widget-menu-anchor\" data-id=\"3426e0b\" data-element_type=\"widget\" data-e-type=\"widget\" data-widget_type=\"menu-anchor.default\">\n\t\t\t\t<div class=\"elementor-widget-container\">\n\t\t\t\t\t\t\t<div class=\"elementor-menu-anchor\" id=\"about\"><\/div>\n\t\t\t\t\t\t<\/div>\n\t\t\t\t<\/div>\n\t\t\t\t\t<\/div>\n\t\t<\/div>\n\t\t\t\t\t<\/div>\n\t\t<\/section>\n\t\t\t\t<section class=\"elementor-section elementor-top-section elementor-element elementor-element-7a25bcb5 elementor-section-content-middle elementor-section-boxed elementor-section-height-default elementor-section-height-default\" data-id=\"7a25bcb5\" data-element_type=\"section\" data-e-type=\"section\">\n\t\t\t\t\t\t\t<div class=\"elementor-background-overlay\"><\/div>\n\t\t\t\t\t\t\t<div class=\"elementor-container elementor-column-gap-default\">\n\t\t\t\t\t<div class=\"elementor-column elementor-col-50 elementor-top-column elementor-element elementor-element-72f98307\" data-id=\"72f98307\" data-element_type=\"column\" data-e-type=\"column\">\n\t\t\t<div class=\"elementor-widget-wrap elementor-element-populated\">\n\t\t\t\t\t\t<div class=\"elementor-element elementor-element-3310bf6 elementor-widget elementor-widget-image\" data-id=\"3310bf6\" data-element_type=\"widget\" data-e-type=\"widget\" data-widget_type=\"image.default\">\n\t\t\t\t<div class=\"elementor-widget-container\">\n\t\t\t\t\t\t\t\t\t\t\t\t\t\t\t<img decoding=\"async\" src=\"https:\/\/decorhomebusiness.com\/wp-content\/uploads\/elementor\/thumbs\/decor-home-ayrshire-airless-spraying1-qgqzsjasooea94mjzhk3n29cnqm5wbm575ewi7ut0w.jpg\" title=\"pintor-decorador-yesero-troon\" alt=\"Un hombre con un traje blanco pintando una l\u00e1mpara.\" loading=\"lazy\" \/>\t\t\t\t\t\t\t\t\t\t\t\t\t\t\t<\/div>\n\t\t\t\t<\/div>\n\t\t\t\t\t<\/div>\n\t\t<\/div>\n\t\t\t\t<div class=\"elementor-column elementor-col-50 elementor-top-column elementor-element elementor-element-52286efe\" data-id=\"52286efe\" data-element_type=\"column\" data-e-type=\"column\">\n\t\t\t<div class=\"elementor-widget-wrap elementor-element-populated\">\n\t\t\t\t\t\t<div class=\"elementor-element elementor-element-10b643fa animated-fast elementor-invisible elementor-widget elementor-widget-heading\" data-id=\"10b643fa\" data-element_type=\"widget\" data-e-type=\"widget\" data-settings=\"{&quot;_animation&quot;:&quot;fadeInRight&quot;}\" data-widget_type=\"heading.default\">\n\t\t\t\t<div class=\"elementor-widget-container\">\n\t\t\t\t\t<h5 class=\"elementor-heading-title elementor-size-default\">SOBRE NOSOTROS<\/h5>\t\t\t\t<\/div>\n\t\t\t\t<\/div>\n\t\t\t\t<div class=\"elementor-element elementor-element-61fca383 animated-fast elementor-invisible elementor-widget elementor-widget-heading\" data-id=\"61fca383\" data-element_type=\"widget\" data-e-type=\"widget\" data-settings=\"{&quot;_animation&quot;:&quot;fadeInRight&quot;}\" data-widget_type=\"heading.default\">\n\t\t\t\t<div class=\"elementor-widget-container\">\n\t\t\t\t\t<h2 class=\"elementor-heading-title elementor-size-default\">Servicios de decorador, pintor y enlucido y enyesado en Velez-M\u00e1laga con m\u00e1s de 20 a\u00f1os de experiencia. <\/h2>\t\t\t\t<\/div>\n\t\t\t\t<\/div>\n\t\t\t\t<div class=\"elementor-element elementor-element-7f9880a2 animated-fast elementor-invisible elementor-widget elementor-widget-text-editor\" data-id=\"7f9880a2\" data-element_type=\"widget\" data-e-type=\"widget\" data-settings=\"{&quot;_animation&quot;:&quot;fadeInRight&quot;}\" data-widget_type=\"text-editor.default\">\n\t\t\t\t<div class=\"elementor-widget-container\">\n\t\t\t\t\t\t\t\t\t<p>Con m\u00e1s de 20 a\u00f1os de experiencia en pintura, decoraci\u00f3n y enlucido en la provincia de M\u00e1laga, DecorHome garantiza resultados de alta calidad en cada proyecto. Trabajamos en villas de lujo, apartamentos, locales comerciales y comunidades de propietarios en toda la Costa del Sol. Ofrecemos presupuesto gratuito y sin compromiso los 7 d\u00edas de la semana. \u00bfCu\u00e1nto cuesta pintar un piso en Marbella? El precio depende del tama\u00f1o y el tipo de acabado, pero siempre ofrecemos presupuesto gratuito adaptado a cada proyecto. \u00bfTrab\u00e1jais en urbanizaciones de lujo? S\u00ed, trabajamos habitualmente en urbanizaciones de la Milla de Oro, Puerto Ban\u00fas, Sierra Blanca y La Zagaleta, con total discrecci\u00f3n y profesionalidad. \u00bfCu\u00e1nto tarda el trabajo? Un piso est\u00e1ndar entre 2 y 4 d\u00edas; una villa de mayor envergadura entre 1 y 2 semanas. Acordamos siempre los plazos antes de comenzar. Zona de actuaci\u00f3n: Marbella, Nueva Andaluc\u00eda, San Pedro Alc\u00e1ntara, Estepona, Benahav\u00eds, Ojen, Fuengirola, Mijas y V\u00e9lez-M\u00e1laga. Cont\u00e1ctenos hoy mismo para una consulta sin compromiso.<\/p><ul><li><strong>Totalmente asegurado<\/strong><\/li><li><strong>Presupuestos sin compromiso para cualquier proyecto, grande o peque\u00f1o, abierto los 7 d\u00edas de la semana. <\/strong><\/li><\/ul>\t\t\t\t\t\t\t\t<\/div>\n\t\t\t\t<\/div>\n\t\t\t\t\t<\/div>\n\t\t<\/div>\n\t\t\t\t\t<\/div>\n\t\t<\/section>\n\t\t\t\t<section class=\"elementor-section elementor-top-section elementor-element elementor-element-363dcb8 elementor-section-boxed elementor-section-height-default elementor-section-height-default\" data-id=\"363dcb8\" data-element_type=\"section\" data-e-type=\"section\" id=\"contactus\">\n\t\t\t\t\t\t<div class=\"elementor-container elementor-column-gap-default\">\n\t\t\t\t\t<div class=\"elementor-column elementor-col-50 elementor-top-column elementor-element elementor-element-f2df0ff\" data-id=\"f2df0ff\" data-element_type=\"column\" data-e-type=\"column\">\n\t\t\t<div class=\"elementor-widget-wrap elementor-element-populated\">\n\t\t\t\t\t\t<div class=\"elementor-element elementor-element-c38b5c3 elementor-widget elementor-widget-image\" data-id=\"c38b5c3\" data-element_type=\"widget\" data-e-type=\"widget\" data-widget_type=\"image.default\">\n\t\t\t\t<div class=\"elementor-widget-container\">\n\t\t\t\t\t\t\t\t\t\t\t\t\t\t\t\t<a href=\"https:\/\/decorhomebusiness.com\/es\/\">\n\t\t\t\t\t\t\t<img fetchpriority=\"high\" decoding=\"async\" width=\"1024\" height=\"347\" src=\"https:\/\/decorhomebusiness.com\/wp-content\/uploads\/2021\/08\/logo-1-1024x347.png\" class=\"attachment-large size-large wp-image-222\" alt=\"\" srcset=\"https:\/\/decorhomebusiness.com\/wp-content\/uploads\/2021\/08\/logo-1-1024x347.png 1024w, https:\/\/decorhomebusiness.com\/wp-content\/uploads\/2021\/08\/logo-1-300x102.png 300w, https:\/\/decorhomebusiness.com\/wp-content\/uploads\/2021\/08\/logo-1-768x260.png 768w, https:\/\/decorhomebusiness.com\/wp-content\/uploads\/2021\/08\/logo-1.png 1072w\" sizes=\"(max-width: 1024px) 100vw, 1024px\" title=\"\">\t\t\t\t\t\t\t\t<\/a>\n\t\t\t\t\t\t\t\t\t\t\t\t\t\t\t<\/div>\n\t\t\t\t<\/div>\n\t\t\t\t<div class=\"elementor-element elementor-element-4cc6019 elementor-widget elementor-widget-text-editor\" data-id=\"4cc6019\" data-element_type=\"widget\" data-e-type=\"widget\" data-no-translation=\"\" data-widget_type=\"text-editor.default\">\n\t\t\t\t<div class=\"elementor-widget-container\">\n\t\t\t\t\t<style>.elementor-element-4cc6019{display:none !important}<\/style>\t\t\t\t<\/div>\n\t\t\t\t<\/div>\n\t\t\t\t<div class=\"elementor-element elementor-element-411794a e-grid-align-left elementor-shape-rounded elementor-grid-0 elementor-widget elementor-widget-social-icons\" data-id=\"411794a\" data-element_type=\"widget\" data-e-type=\"widget\" data-widget_type=\"social-icons.default\">\n\t\t\t\t<div class=\"elementor-widget-container\">\n\t\t\t\t\t\t\t<div class=\"elementor-social-icons-wrapper elementor-grid\" role=\"list\">\n\t\t\t\t\t\t\t<span class=\"elementor-grid-item\" role=\"listitem\">\n\t\t\t\t\t<a class=\"elementor-icon elementor-social-icon elementor-social-icon-facebook elementor-repeater-item-4c8428a\" href=\"https:\/\/www.facebook.com\/Decorhome-painters-and-plasterers-Decorhomebusinesscom-103016349137437\" target=\"_blank\" rel=\"noopener\">\n\t\t\t\t\t\t<span class=\"elementor-screen-only\">Facebook<\/span>\n\t\t\t\t\t\t<i aria-hidden=\"true\" class=\"fab fa-facebook\"><\/i>\t\t\t\t\t<\/a>\n\t\t\t\t<\/span>\n\t\t\t\t\t\t\t<span class=\"elementor-grid-item\" role=\"listitem\">\n\t\t\t\t\t<a class=\"elementor-icon elementor-social-icon elementor-social-icon-tiktok elementor-repeater-item-d9615cc\" href=\"https:\/\/www.tiktok.com\/@viferme?lang=en\" target=\"_blank\" rel=\"noopener\">\n\t\t\t\t\t\t<span class=\"elementor-screen-only\">TikTok<\/span>\n\t\t\t\t\t\t<i aria-hidden=\"true\" class=\"fab fa-tiktok\"><\/i>\t\t\t\t\t<\/a>\n\t\t\t\t<\/span>\n\t\t\t\t\t<\/div>\n\t\t\t\t\t\t<\/div>\n\t\t\t\t<\/div>\n\t\t\t\t<div class=\"elementor-element elementor-element-c01647f elementor-icon-list--layout-traditional elementor-list-item-link-full_width elementor-widget elementor-widget-icon-list\" data-id=\"c01647f\" data-element_type=\"widget\" data-e-type=\"widget\" data-widget_type=\"icon-list.default\">\n\t\t\t\t<div class=\"elementor-widget-container\">\n\t\t\t\t\t\t\t<ul class=\"elementor-icon-list-items\">\n\t\t\t\t\t\t\t<li class=\"elementor-icon-list-item\">\n\t\t\t\t\t\t\t\t\t\t\t<a href=\"tel:%20650293608\">\n\n\t\t\t\t\t\t\t\t\t\t\t\t<span class=\"elementor-icon-list-icon\">\n\t\t\t\t\t\t\t<i aria-hidden=\"true\" class=\"fas fa-mobile-alt\"><\/i>\t\t\t\t\t\t<\/span>\n\t\t\t\t\t\t\t\t\t\t<span class=\"elementor-icon-list-text\">650293608<\/span>\n\t\t\t\t\t\t\t\t\t\t\t<\/a>\n\t\t\t\t\t\t\t\t\t<\/li>\n\t\t\t\t\t\t\t\t<li class=\"elementor-icon-list-item\">\n\t\t\t\t\t\t\t\t\t\t\t<a href=\"mailto:%20%20info@decorhomebusiness.com\">\n\n\t\t\t\t\t\t\t\t\t\t\t\t<span class=\"elementor-icon-list-icon\">\n\t\t\t\t\t\t\t<i aria-hidden=\"true\" class=\"fas fa-envelope\"><\/i>\t\t\t\t\t\t<\/span>\n\t\t\t\t\t\t\t\t\t\t<span class=\"elementor-icon-list-text\">Env\u00edenos un correo electr\u00f3nico: info@decorhomebusiness.com<\/span>\n\t\t\t\t\t\t\t\t\t\t\t<\/a>\n\t\t\t\t\t\t\t\t\t<\/li>\n\t\t\t\t\t\t\t\t<li class=\"elementor-icon-list-item\">\n\t\t\t\t\t\t\t\t\t\t\t<span class=\"elementor-icon-list-icon\">\n\t\t\t\t\t\t\t<i aria-hidden=\"true\" class=\"fas fa-map-marker-alt\"><\/i>\t\t\t\t\t\t<\/span>\n\t\t\t\t\t\t\t\t\t\t<span class=\"elementor-icon-list-text\">Direcci\u00f3n: Edificio Golden B, 1\u00aa Planta Avenida Ricardo Soriano, 72 Marbella 29601 M\u00e1laga<\/span>\n\t\t\t\t\t\t\t\t\t<\/li>\n\t\t\t\t\t\t<\/ul>\n\t\t\t\t\t\t<\/div>\n\t\t\t\t<\/div>\n\t\t\t\t<div class=\"elementor-element elementor-element-d87e10a elementor-widget elementor-widget-google_maps\" data-id=\"d87e10a\" data-element_type=\"widget\" data-e-type=\"widget\" data-widget_type=\"google_maps.default\">\n\t\t\t\t<div class=\"elementor-widget-container\">\n\t\t\t\t\t\t\t<div class=\"elementor-custom-embed\">\n\t\t\t<iframe loading=\"lazy\"\n\t\t\t\t\tsrc=\"https:\/\/maps.google.com\/maps?q=Edificio%20Golden%20B%2C%201%C2%AA%20Planta%20Avenida%20Ricardo%20Soriano%2C%2072%20Marbella%2029601%20M%C3%A1laga&#038;t=m&#038;z=18&#038;output=embed&#038;iwloc=near\"\n\t\t\t\t\ttitle=\"Edificio Golden B, 1\u00aa Planta Avenida Ricardo Soriano, 72 Marbella 29601 M\u00e1laga\"\n\t\t\t\t\taria-label=\"Edificio Golden B, 1\u00aa Planta Avenida Ricardo Soriano, 72 Marbella 29601 M\u00e1laga\"\n\t\t\t><\/iframe>\n\t\t<\/div>\n\t\t\t\t\t\t<\/div>\n\t\t\t\t<\/div>\n\t\t\t\t\t<\/div>\n\t\t<\/div>\n\t\t\t\t<div class=\"elementor-column elementor-col-50 elementor-top-column elementor-element elementor-element-161c6c1\" data-id=\"161c6c1\" data-element_type=\"column\" data-e-type=\"column\">\n\t\t\t<div class=\"elementor-widget-wrap\">\n\t\t\t\t\t\t\t<\/div>\n\t\t<\/div>\n\t\t\t\t\t<\/div>\n\t\t<\/section>\n\t\t\t\t<section class=\"elementor-section elementor-top-section elementor-element elementor-element-47328b0 elementor-section-boxed elementor-section-height-default elementor-section-height-default\" data-id=\"47328b0\" data-element_type=\"section\" data-e-type=\"section\">\n\t\t\t\t\t\t<div class=\"elementor-container elementor-column-gap-default\">\n\t\t\t\t\t<div class=\"elementor-column elementor-col-100 elementor-top-column elementor-element elementor-element-1eb78db\" data-id=\"1eb78db\" data-element_type=\"column\" data-e-type=\"column\">\n\t\t\t<div class=\"elementor-widget-wrap\">\n\t\t\t\t\t\t\t<\/div>\n\t\t<\/div>\n\t\t\t\t\t<\/div>\n\t\t<\/section>\n\t\t\t\t<section class=\"elementor-section elementor-top-section elementor-element elementor-element-a658cf2 elementor-section-boxed elementor-section-height-default elementor-section-height-default\" data-id=\"a658cf2\" data-element_type=\"section\" data-e-type=\"section\" data-settings=\"{&quot;background_background&quot;:&quot;classic&quot;}\">\n\t\t\t\t\t\t<div class=\"elementor-container elementor-column-gap-default\">\n\t\t\t\t\t<div class=\"elementor-column elementor-col-100 elementor-top-column elementor-element elementor-element-074a596\" data-id=\"074a596\" data-element_type=\"column\" data-e-type=\"column\">\n\t\t\t<div class=\"elementor-widget-wrap elementor-element-populated\">\n\t\t\t\t\t\t<div class=\"elementor-element elementor-element-0eca0f5 elementor-widget elementor-widget-text-editor\" data-id=\"0eca0f5\" data-element_type=\"widget\" data-e-type=\"widget\" data-widget_type=\"text-editor.default\">\n\t\t\t\t<div class=\"elementor-widget-container\">\n\t\t\t\t\t\t\t\t\t<p><span style=\"color: #ffffff; font-size: 15px;\">\u00a9 Derechos de autor 2024<br><\/span><\/p>\t\t\t\t\t\t\t\t<\/div>\n\t\t\t\t<\/div>\n\t\t\t\t\t<\/div>\n\t\t<\/div>\n\t\t\t\t\t<\/div>\n\t\t<\/section>\n\t\t\t\t<\/div>","protected":false},"excerpt":{"rendered":"<p>Decor Home Painter, Decorator &amp; Plasterer Troon For your Home &amp; Business &#8211; Covering all Troon Area \u00a0 \u00a0 get a free estimation Painting, decorating and plastering in Troon: For over 20 years, DecorHome has been providing Troon and its surrounding communities with guaranteed, high-quality home and business decorating services. Our experienced team specializes in [&hellip;]<\/p>\n","protected":false},"author":1,"featured_media":0,"parent":0,"menu_order":0,"comment_status":"closed","ping_status":"closed","template":"elementor_header_footer","meta":{"_monsterinsights_skip_tracking":false,"_monsterinsights_sitenote_active":false,"_monsterinsights_sitenote_note":"","_monsterinsights_sitenote_category":0,"_uf_show_specific_survey":0,"_uf_disable_surveys":false,"footnotes":""},"class_list":["post-1589","page","type-page","status-publish","hentry","entry"],"_links":{"self":[{"href":"https:\/\/decorhomebusiness.com\/es\/wp-json\/wp\/v2\/pages\/1589","targetHints":{"allow":["GET"]}}],"collection":[{"href":"https:\/\/decorhomebusiness.com\/es\/wp-json\/wp\/v2\/pages"}],"about":[{"href":"https:\/\/decorhomebusiness.com\/es\/wp-json\/wp\/v2\/types\/page"}],"author":[{"embeddable":true,"href":"https:\/\/decorhomebusiness.com\/es\/wp-json\/wp\/v2\/users\/1"}],"replies":[{"embeddable":true,"href":"https:\/\/decorhomebusiness.com\/es\/wp-json\/wp\/v2\/comments?post=1589"}],"version-history":[{"count":57,"href":"https:\/\/decorhomebusiness.com\/es\/wp-json\/wp\/v2\/pages\/1589\/revisions"}],"predecessor-version":[{"id":2239,"href":"https:\/\/decorhomebusiness.com\/es\/wp-json\/wp\/v2\/pages\/1589\/revisions\/2239"}],"wp:attachment":[{"href":"https:\/\/decorhomebusiness.com\/es\/wp-json\/wp\/v2\/media?parent=1589"}],"curies":[{"name":"gracias","href":"https:\/\/api.w.org\/{rel}","templated":true}]}}